{"id":119,"date":"2026-02-08T22:43:38","date_gmt":"2026-02-08T21:43:38","guid":{"rendered":"https:\/\/www.urtikariaverband.eu\/?page_id=119"},"modified":"2026-04-13T19:20:09","modified_gmt":"2026-04-13T17:20:09","slug":"eft-urtikaria","status":"publish","type":"page","link":"https:\/\/www.urtikariaverband.eu\/cs\/eft-urtikaria\/","title":{"rendered":"EFT &amp; amp; Urtikaria"},"content":{"rendered":"<h2 class=\"wp-block-heading\">Emocion\u00e1ln\u00ed Entlastung bei Angst, Panik, Wut und Depression<\/h2>\n\n\n\n<p>EFT (Techniky emo\u010dn\u00ed svobody) bei Urtikaria ist eine k\u00f6rperorientierte Methode, die Menschen mit Urtikaria dabei unterst\u00fctzt, belastende Emotionen zu regulieren. P\u0159idat \u0161t\u00edtky pro \"Klopfen definierter Punkte und hilft, Belastungen und Blockaden zu l\u00f6sen, die den Krankheitsverlauf beeinflussen\". <br><br><strong>Nen\u00ed EFT bei Urtikaria?<\/strong><br><br>Dal\u0161\u00ed aktu\u00e1ln\u011b obl\u00edben\u00e9 hry na t\u00e9to str\u00e1nce: Methode wurde vom Ingenieur und Vision\u00e4r Gary Craig entwickelt, der sie mit Methoden aus dem NLP verfeinfachte. <br><br>Hedv\u00e1bn\u00fd klobouk EFT im Rahmen ihrer zahlreichen Aus- und Weiterbildungen gelernt und die Methode f\u00fcr die Arbeit mit Menschen mit Urtikaria und deren Herausforderungen angepasst. <br><\/p>\n\n\n\n<h2 class=\"wp-block-heading\">Chcete EFT bei Urtikaria sinnvoll sein kann?<\/h2>\n\n\n\n<p><br>EFT bei Urtikaria kann unterst\u00fctzend bei Angst, Panik, Wut, Depressionen und emocion\u00e1ln\u00ed \u00dcberforderung eingesetzt werden. Ebenso bei Ungewissheit, Unsicherheit und Unvorhersehbarkeit des n\u00e4chsten Schubes, wie sie im Zusammenhang mit chronischer Urtikaria h\u00e4ufig auftritt. Aber auch be Ersch\u00f6pfung und Hoffnungslosigkeit, wenn die Krankheit immer wiederkehrt (Aber auch b\u00fdt Ersch\u00f6pfung und Hoffnungslosigkeit, wenn die Krankheit immer wiederkehrt).  <br><br>Dieser Workshop richtet sich an Menschen, die eine angeleitete k\u00f6rperorientierte Methode lernen m\u00f6chten Syst\u00e9mov\u00e9 po\u017eadavky <br>In der Begleitung lernen Teilnehmende, die Methode unter Anleitung korrekt anzuwenden und als einfaches Werkzeug in den Alltag zu integrieren (In der Begleitung lernen Teilnehmende, die Methode unter Anleitung korrekt anzuwenden und als einfaches Werkzeug in den Alltag zu integrieren). Ziel ist es, die Selbstwirksamkeit zu st\u00e4rken und einen konstruktiven Umgang mit belastenden inneren Zust\u00e4nden zu entwickeln. <\/p>\n\n\n\n<div style=\"height:30px\" aria-hidden=\"true\" class=\"wp-block-spacer\"><\/div>\n\n\n\n<h2 class=\"wp-block-heading\">Form\u00e1t &amp; amp; Rahmen<\/h2>\n\n\n\n<ul class=\"wp-block-list\">\n<li>Einzel- nebo Gruppentermin (online)<\/li>\n\n\n\n<li>Dauer: cca 60 minut<\/li>\n\n\n\n<li>Einf\u00fchrung und Anleitung zur eigenst\u00e4ndigen Anwendung bei Urtikaria<\/li>\n\n\n\n<li>geeignet f\u00fcr Mitglieder und Nicht-Mitglieder<\/li>\n<\/ul>\n\n\n\n<div style=\"height:30px\" aria-hidden=\"true\" class=\"wp-block-spacer\"><\/div>\n\n\n\n<p><strong>Zur Anmeldung:<\/strong><\/p>\n\n\n\n<script>\n  if (typeof hasAmeliaEntitiesApiCall === 'undefined' && ('' === '' && '' !== '1')) {\n    var hasAmeliaEntitiesApiCall = true;\n  }\n  var ameliaShortcodeData = (typeof ameliaShortcodeData === 'undefined') ? [] : ameliaShortcodeData;\n  ameliaShortcodeData.push(\n    {\n      'hasApiCall': (typeof hasAmeliaEntitiesApiCall !== 'undefined') && hasAmeliaEntitiesApiCall,\n      'trigger': '',\n      'trigger_type': '',\n      'triggered_form': 'sbsNew',\n      'in_dialog': '',\n      'show': '',\n      'counter': '1000',\n      'category': '',\n      'service': '12',\n      'employee': '',\n      'location': '',\n      'package': '',\n      'layout': '2',\n    }\n  );\n\n  var ameliaShortcodeDataTriggered = (typeof ameliaShortcodeDataTriggered === 'undefined') ? [] : ameliaShortcodeDataTriggered;\n  if (ameliaShortcodeData[ameliaShortcodeData.length - 1].trigger !== '') {\n    if (ameliaShortcodeDataTriggered.filter(a => a.counter === ameliaShortcodeData[ameliaShortcodeData.length - 1].counter).length === 0) {\n      ameliaShortcodeDataTriggered.push(ameliaShortcodeData.pop());\n    } else {\n      ameliaShortcodeData.pop()\n    }\n  }\n  if (typeof hasAmeliaEntitiesApiCall !== 'undefined' && hasAmeliaEntitiesApiCall) {\n    hasAmeliaEntitiesApiCall = false;\n  }\n<\/script>\n\n<div\n  id=\"amelia-v2-booking-1000\"\n  class=\"amelia-v2-booking\"\n >\n    <step-form-wrapper><\/step-form-wrapper><\/div>\n\n\n\n<p><br>Erg\u00e4nzend k\u00f6nnte auch <a href=\"https:\/\/www.urtikariaverband.eu\/cs\/nervensystem-bei-urtikaria\/\" title=\"Nervensystem bei Urtikaria\">R<\/a><a href=\"https:\/\/www.urtikariaverband.eu\/cs\/nervensystem-bei-urtikaria\/\" target=\"_blank\" rel=\"noopener\" title=\"Nervensystem bei Urtikaria\">egulation des Nervensystems <\/a>und <a href=\"https:\/\/www.urtikariaverband.eu\/cs\/mediation-bei-urtikaria\/\" target=\"_blank\" rel=\"noopener\" title=\"Meditace bei Urtikaria\">Meditace bei Urtikaria<\/a> interessant f\u00fcr Sie sein. <\/p>\n\n\n\n<p><br><br><strong>Hinweis: <\/strong><br>Zde si m\u016f\u017ee\u0161 zahr\u00e1t Methode ist f\u00fcr jeden Menschen gleicherma\u00dfen geeignet. Es ist sinnvoll, f\u00fcr sich zu pr\u00fcfen, welcher Zugang stimmig ist. Etwa Klopfen, Atmen, vnit\u0159n\u00ed Arbeit oder ein Gespr\u00e4ch <br><br><strong>Literatur:<\/strong><br>Zur Anwendung von EFT bei emotionaler Belastung existieren zahlreiche Studien, u. a. in der psychologischen Forschung: <br><br><a href=\"https:\/\/www.eft-berlin.de\/thema\/branchen-news\/wissenschaftliche-studien\/\" target=\"_blank\" rel=\"noopener\" title=\"\">https:\/\/www.eft-berlin.de\/thema\/branchen-news\/wissenschaftliche-studien\/<\/a><br><a href=\"https:\/\/moderne-hypnotherapie.de\/wirksamkeit-eft\" target=\"_blank\" rel=\"noopener\" title=\"\">https:\/\/moderne-hypnotherapie.de\/wirksamkeit-eft<\/a><br><a href=\"https:\/\/www.degeft.de\/verein\/aktuelles\/studie\/\" target=\"_blank\" rel=\"noopener\" title=\"\">https:\/\/www.degeft.de\/verein\/aktuelles\/studie\/<\/a><br><a href=\"https:\/\/www.eftcd.de\/forschung-zur-bindungsbasierten-eft\/\" target=\"_blank\" rel=\"noopener\" title=\"\">https:\/\/www.eftcd.de\/forschung-zur-bindungsbasierten-eft\/<\/a><br><a href=\"https:\/\/www.emofree.ch\/forschung\/\" target=\"_blank\" rel=\"noopener\" title=\"\">https:\/\/www.emofree.ch\/forschung\/<\/a><br><a href=\"https:\/\/ichgcp.net\/de\/clinical-trials-registry\/NCT07113002\" target=\"_blank\" rel=\"noopener\" title=\"\">https:\/\/ichgcp.net\/de\/clinical-trials-registry\/NCT07113002<\/a><\/p>","protected":false},"excerpt":{"rendered":"<p>Emotionale Entlastung bei Angst, Panik, Wut und Depression EFT (Techniky emo\u010dn\u00ed svobody) bei Urtikaria ist eine k\u00f6rperorientierte Methode, die Menschen mit Urtikaria dabei unterst\u00fctzt, belastende Emotionen zu regulieren. P\u0159idat \u0161t\u00edtky pro \"Klopfen definierter Punkte und hilft, Belastungen und Blockaden zu l\u00f6sen, die den Krankheitsverlauf beeinflussen\". Nen\u00ed EFT bei Urtikaria? Die k\u00f6rperorientierte Methode [\u2026] Syst\u00e9mov\u00e9 po\u017eadavky<\/p>","protected":false},"author":1,"featured_media":0,"parent":0,"menu_order":0,"comment_status":"closed","ping_status":"closed","template":"","meta":{"om_disable_all_campaigns":false,"_monsterinsights_skip_tracking":false,"_monsterinsights_sitenote_active":false,"_monsterinsights_sitenote_note":"","_monsterinsights_sitenote_category":0,"footnotes":""},"class_list":["post-119","page","type-page","status-publish","hentry"],"aioseo_notices":[],"_links":{"self":[{"href":"https:\/\/www.urtikariaverband.eu\/cs\/wp-json\/wp\/v2\/pages\/119","targetHints":{"allow":["GET"]}}],"collection":[{"href":"https:\/\/www.urtikariaverband.eu\/cs\/wp-json\/wp\/v2\/pages"}],"about":[{"href":"https:\/\/www.urtikariaverband.eu\/cs\/wp-json\/wp\/v2\/types\/page"}],"author":[{"embeddable":true,"href":"https:\/\/www.urtikariaverband.eu\/cs\/wp-json\/wp\/v2\/users\/1"}],"replies":[{"embeddable":true,"href":"https:\/\/www.urtikariaverband.eu\/cs\/wp-json\/wp\/v2\/comments?post=119"}],"version-history":[{"count":9,"href":"https:\/\/www.urtikariaverband.eu\/cs\/wp-json\/wp\/v2\/pages\/119\/revisions"}],"predecessor-version":[{"id":480,"href":"https:\/\/www.urtikariaverband.eu\/cs\/wp-json\/wp\/v2\/pages\/119\/revisions\/480"}],"wp:attachment":[{"href":"https:\/\/www.urtikariaverband.eu\/cs\/wp-json\/wp\/v2\/media?parent=119"}],"curies":[{"name":"wp","href":"https:\/\/api.w.org\/{rel}","templated":true}]}}