{"id":136,"date":"2026-02-08T23:32:07","date_gmt":"2026-02-08T22:32:07","guid":{"rendered":"https:\/\/www.urtikariaverband.eu\/?page_id=136"},"modified":"2026-04-13T19:21:34","modified_gmt":"2026-04-13T17:21:34","slug":"psychologische-beratung-bei-urtikaria","status":"publish","type":"page","link":"https:\/\/www.urtikariaverband.eu\/cs\/psychologische-beratung-bei-urtikaria\/","title":{"rendered":"Psychologische Beratung &amp; Urtikaria"},"content":{"rendered":"<p>Diese Beratung bietet eine professionellen Rahmen zur Einordnung und Bearbeitung psychischer Belastungen im Kontext der Urtikaria Erkrankung.<\/p>\n\n\n\n<figure class=\"wp-block-image size-medium is-resized\"><img loading=\"lazy\" decoding=\"async\" width=\"300\" height=\"300\" src=\"https:\/\/www.urtikariaverband.eu\/wp-content\/uploads\/2026\/04\/Nervensystem-bei-Urtikaria-300x300.jpg\" alt=\"\" class=\"wp-image-333\" style=\"width:364px;height:auto\" srcset=\"https:\/\/www.urtikariaverband.eu\/wp-content\/uploads\/2026\/04\/Nervensystem-bei-Urtikaria-300x300.jpg 300w, https:\/\/www.urtikariaverband.eu\/wp-content\/uploads\/2026\/04\/Nervensystem-bei-Urtikaria-150x150.jpg 150w, https:\/\/www.urtikariaverband.eu\/wp-content\/uploads\/2026\/04\/Nervensystem-bei-Urtikaria-768x768.jpg 768w, https:\/\/www.urtikariaverband.eu\/wp-content\/uploads\/2026\/04\/Nervensystem-bei-Urtikaria-600x600.jpg 600w, https:\/\/www.urtikariaverband.eu\/wp-content\/uploads\/2026\/04\/Nervensystem-bei-Urtikaria-100x100.jpg 100w, https:\/\/www.urtikariaverband.eu\/wp-content\/uploads\/2026\/04\/Nervensystem-bei-Urtikaria.jpg 1024w\" sizes=\"auto, (max-width: 300px) 100vw, 300px\" \/><\/figure>\n\n\n\n<div style=\"height:30px\" aria-hidden=\"true\" class=\"wp-block-spacer\"><\/div>\n\n\n\n<h2 class=\"wp-block-heading\"><strong>Wann Beratung sinnvoll sein kann<\/strong><\/h2>\n\n\n\n<p>Die Beratung umfasst die Begleitung in Krisen- und \u00dcbergangssituationen sowie den Umgang mit emotionalen Belastungen wie z. B.:<\/p>\n\n\n\n<ul class=\"wp-block-list\">\n<li>anhaltender psychischer Belastung durch chronische Urtikaria, Angio\u00f6deme oder MCAS<\/li>\n\n\n\n<li>Probl\u00e9m v Beziehung, Partnerschaft oder Sexualit\u00e4t<\/li>\n\n\n\n<li>Klikn\u011bte na polo\u017eku krankheitsbedingte berufliche Herausforderungen.<\/li>\n\n\n\n<li>Belastung durch die Erkrankung von Kindern oder Angeh\u00f6rigen<\/li>\n\n\n\n<li>Ersch\u00f6pfung, Anspannung, N\u011bmecko<\/li>\n\n\n\n<li>Krisensituation<\/li>\n<\/ul>\n\n\n\n<div style=\"height:30px\" aria-hidden=\"true\" class=\"wp-block-spacer\"><\/div>\n\n\n\n<p class=\"has-large-font-size\"><strong>Metodika: <\/strong><br><br>Systemisch (Virginie Satirov\u00e1, Steve da Shazer)<br>Klienten- und personenzentriert (Carl Rogers) Syst\u00e9mov\u00e9 po\u017eadavky<br>Kunsttherapie (C. G. Jung)<\/p>\n\n\n\n<div style=\"height:30px\" aria-hidden=\"true\" class=\"wp-block-spacer\"><\/div>\n\n\n\n<h2 class=\"wp-block-heading\">Rahmen<\/h2>\n\n\n\n<ul class=\"wp-block-list\">\n<li>Einzelberatung<\/li>\n\n\n\n<li>Termin nach Vereinbarung<\/li>\n\n\n\n<li>Online oder vor Ort<\/li>\n\n\n\n<li>Dauer und Umfang abh\u00e4ngig vom Anliegen<\/li>\n<\/ul>\n\n\n\n<div style=\"height:30px\" aria-hidden=\"true\" class=\"wp-block-spacer\"><\/div>\n\n\n\n<p><strong>Zur Buchung:<\/strong><\/p>\n\n\n\n<script>\n  if (typeof hasAmeliaEntitiesApiCall === 'undefined' && ('' === '' && '' !== '1')) {\n    var hasAmeliaEntitiesApiCall = true;\n  }\n  var ameliaShortcodeData = (typeof ameliaShortcodeData === 'undefined') ? [] : ameliaShortcodeData;\n  ameliaShortcodeData.push(\n    {\n      'hasApiCall': (typeof hasAmeliaEntitiesApiCall !== 'undefined') && hasAmeliaEntitiesApiCall,\n      'trigger': '',\n      'trigger_type': '',\n      'triggered_form': 'sbsNew',\n      'in_dialog': '',\n      'show': '',\n      'counter': '1000',\n      'category': '',\n      'service': '1,2',\n      'employee': '',\n      'location': '',\n      'package': '',\n      'layout': '2',\n    }\n  );\n\n  var ameliaShortcodeDataTriggered = (typeof ameliaShortcodeDataTriggered === 'undefined') ? [] : ameliaShortcodeDataTriggered;\n  if (ameliaShortcodeData[ameliaShortcodeData.length - 1].trigger !== '') {\n    if (ameliaShortcodeDataTriggered.filter(a => a.counter === ameliaShortcodeData[ameliaShortcodeData.length - 1].counter).length === 0) {\n      ameliaShortcodeDataTriggered.push(ameliaShortcodeData.pop());\n    } else {\n      ameliaShortcodeData.pop()\n    }\n  }\n  if (typeof hasAmeliaEntitiesApiCall !== 'undefined' && hasAmeliaEntitiesApiCall) {\n    hasAmeliaEntitiesApiCall = false;\n  }\n<\/script>\n\n<div\n  id=\"amelia-v2-booking-1000\"\n  class=\"amelia-v2-booking\"\n >\n    <step-form-wrapper><\/step-form-wrapper><\/div>\n\n\n\n<p><br>Folgende Beratungsm\u00f6glichkeiten k\u00f6nnten Sie auch interessieren: <br><br><a href=\"http:\/\/Ern\u00e4hrung &amp; Urtikaria\" target=\"_blank\" rel=\"noopener\" title=\"\">Ern\u00e4hrung &amp; Urtikaria<\/a><br><a href=\"https:\/\/www.urtikariaverband.eu\/cs\/supervision\/\" target=\"_blank\" rel=\"noopener\" title=\"Dohled\">Dohled <\/a><br><a href=\"https:\/\/www.urtikariaverband.eu\/cs\/spiritual-care\/\" target=\"_blank\" rel=\"noopener\" title=\"Duchovn\u00ed p\u00e9\u010de\">Duchovn\u00ed p\u00e9\u010de <br><\/a><\/p>","protected":false},"excerpt":{"rendered":"<p>Diese Beratung bietet eine professionellen Rahmen zur Einordnung und Bearbeitung psychischer Belastungen im Kontext der Urtikaria Erkrankung. Wann Beratung sinnvoll sein kann Die Beratung umfasst die Begleitung in Krisen- und \u00dcbergangssituationen sowie den Umgang mit emotionalen Belastungen wie z. B.: Methodik: Systemisch (Virginia Satir, Steve da Shazer)Klienten- und personenzentriert (Carl Rogers)Kunsttherapie (C. G. Jung) Rahmen [&hellip;]<\/p>","protected":false},"author":1,"featured_media":0,"parent":0,"menu_order":0,"comment_status":"closed","ping_status":"closed","template":"","meta":{"om_disable_all_campaigns":false,"_monsterinsights_skip_tracking":false,"_monsterinsights_sitenote_active":false,"_monsterinsights_sitenote_note":"","_monsterinsights_sitenote_category":0,"footnotes":""},"class_list":["post-136","page","type-page","status-publish","hentry"],"aioseo_notices":[],"_links":{"self":[{"href":"https:\/\/www.urtikariaverband.eu\/cs\/wp-json\/wp\/v2\/pages\/136","targetHints":{"allow":["GET"]}}],"collection":[{"href":"https:\/\/www.urtikariaverband.eu\/cs\/wp-json\/wp\/v2\/pages"}],"about":[{"href":"https:\/\/www.urtikariaverband.eu\/cs\/wp-json\/wp\/v2\/types\/page"}],"author":[{"embeddable":true,"href":"https:\/\/www.urtikariaverband.eu\/cs\/wp-json\/wp\/v2\/users\/1"}],"replies":[{"embeddable":true,"href":"https:\/\/www.urtikariaverband.eu\/cs\/wp-json\/wp\/v2\/comments?post=136"}],"version-history":[{"count":17,"href":"https:\/\/www.urtikariaverband.eu\/cs\/wp-json\/wp\/v2\/pages\/136\/revisions"}],"predecessor-version":[{"id":483,"href":"https:\/\/www.urtikariaverband.eu\/cs\/wp-json\/wp\/v2\/pages\/136\/revisions\/483"}],"wp:attachment":[{"href":"https:\/\/www.urtikariaverband.eu\/cs\/wp-json\/wp\/v2\/media?parent=136"}],"curies":[{"name":"wp","href":"https:\/\/api.w.org\/{rel}","templated":true}]}}