{"id":164,"date":"2026-02-10T20:34:08","date_gmt":"2026-02-10T19:34:08","guid":{"rendered":"https:\/\/www.urtikariaverband.eu\/?page_id=164"},"modified":"2026-04-15T18:38:27","modified_gmt":"2026-04-15T16:38:27","slug":"workshops","status":"publish","type":"page","link":"https:\/\/www.urtikariaverband.eu\/cs\/workshops\/","title":{"rendered":"Workshopy"},"content":{"rendered":"<p>Zde si m\u016f\u017ee\u0161 zahr\u00e1t Monat statt und unterst\u00fctzen dich dabei, besser mit deiner Urtikaria und Angi\u00f6demen umzugehen.<\/p>\n\n\n\n<p><strong>Schwerpunkte:<\/strong><\/p>\n\n\n\n<ul class=\"wp-block-list\">\n<li>Nervensystem regulieren<\/li>\n\n\n\n<li>Stres besser verarbeiten Syst\u00e9mov\u00e9 po\u017eadavky<\/li>\n\n\n\n<li>Praktische \u00dcbungen f\u00fcr den Alltag Syst\u00e9mov\u00e9 po\u017eadavky<\/li>\n<\/ul>\n\n\n\n<p>V\u0161echny Formate sind einzeln buchbar und k\u00f6nnen regelm\u00e4ssig besucht werden. <br>Die Gruppe unterst\u00fctzt dich dabei, dranzubleiben und Fortschritte zu machen (Die Gruppe unterst\u00fctzt dich dabei, dranzubleiben a Fortschritte zu machen).<\/p>\n\n\n\n<div style=\"height:50px\" aria-hidden=\"true\" class=\"wp-block-spacer\"><\/div>\n\n\n\n<div class=\"wp-block-group alignfull has-background has-global-padding is-layout-constrained wp-container-core-group-is-layout-ebee8dc1 wp-block-group-is-layout-constrained\" style=\"background-color:#ba96a8;margin-top:0;margin-bottom:0;padding-top:var(--wp--preset--spacing--50);padding-bottom:var(--wp--preset--spacing--50)\">\n<h2 class=\"wp-block-heading alignwide has-text-align-center has-contrast-color has-text-color has-link-color wp-elements-acf6469f7e4fcbd85e6e8a79da65327f\" style=\"font-style:normal;font-weight:300;text-transform:uppercase\">TERMIN BUCHEN<\/h2>\n\n\n\n<div class=\"wp-block-columns alignwide is-layout-flex wp-container-core-columns-is-layout-28f84493 wp-block-columns-is-layout-flex\">\n<div class=\"wp-block-column is-vertically-aligned-center is-layout-flow wp-block-column-is-layout-flow\"><script>\n  if (typeof hasAmeliaEvent === 'undefined') {\n    var hasAmeliaEvent = true;\n  }\n  if (typeof hasEventApiCall === 'undefined' && ('' === '' && '' !== '1')) {\n    var hasEventApiCall = true;\n  }\n  var hasEventShortcode = (typeof hasEventShortcode === 'undefined') ? false : true;\n  var ameliaShortcodeData = (typeof ameliaShortcodeData === 'undefined') ? [] : ameliaShortcodeData;\n  ameliaShortcodeData.push(\n    {\n      'hasApiCall': (typeof hasEventApiCall !== 'undefined') && hasEventApiCall,\n      'trigger': '',\n      'trigger_type': '',\n      'triggered_form': 'elf',\n      'in_dialog': '',\n      'counter': '1000',\n      'employee': '',\n      'eventId': '',\n      'eventRecurring': 0,\n      'eventTag': \"\",\n      'locationId': \"\",\n      'range': \"\"\n    }\n  );\n  var ameliaShortcodeDataTriggered = (typeof ameliaShortcodeDataTriggered === 'undefined') ? [] : ameliaShortcodeDataTriggered;\n  if (ameliaShortcodeData[ameliaShortcodeData.length - 1].trigger !== '') {\n    if (ameliaShortcodeDataTriggered.filter(a => a.counter === ameliaShortcodeData[ameliaShortcodeData.length - 1].counter).length === 0) {\n      ameliaShortcodeDataTriggered.push(ameliaShortcodeData.pop());\n    } else {\n      ameliaShortcodeData.pop()\n    }\n  }\n  if (typeof hasEventApiCall !== 'undefined' && hasEventApiCall) {\n    hasEventApiCall = false;\n  }\n<\/script>\n\n<div\n  id=\"amelia-v2-booking-1000\"\n  class=\"amelia-v2-booking\"\n>\n    <events-list-form-wrapper><\/div>\n<\/div>\n<\/div>\n<\/div>\n\n\n\n<div style=\"height:100px\" aria-hidden=\"true\" class=\"wp-block-spacer\"><\/div>","protected":false},"excerpt":{"rendered":"<p>Zde si m\u016f\u017ee\u0161 zahr\u00e1t Monat statt und unterst\u00fctzen dich dabei, besser mit deiner Urtikaria und Angi\u00f6demen umzugehen. Schwerpunkte: V\u0161echny Formate sind einzeln buchbar und k\u00f6nnen regelm\u00e4ssig besucht werden. Die Gruppe unterst\u00fctzt dich dabei, dranzubleiben und Fortschritte zu machen (Die Gruppe unterst\u00fctzt dich dabei, dranzubleiben a Fortschritte zu machen). TERMIN BUCHEN<\/p>","protected":false},"author":1,"featured_media":0,"parent":0,"menu_order":0,"comment_status":"closed","ping_status":"closed","template":"","meta":{"om_disable_all_campaigns":false,"_monsterinsights_skip_tracking":false,"_monsterinsights_sitenote_active":false,"_monsterinsights_sitenote_note":"","_monsterinsights_sitenote_category":0,"footnotes":""},"class_list":["post-164","page","type-page","status-publish","hentry"],"aioseo_notices":[],"_links":{"self":[{"href":"https:\/\/www.urtikariaverband.eu\/cs\/wp-json\/wp\/v2\/pages\/164","targetHints":{"allow":["GET"]}}],"collection":[{"href":"https:\/\/www.urtikariaverband.eu\/cs\/wp-json\/wp\/v2\/pages"}],"about":[{"href":"https:\/\/www.urtikariaverband.eu\/cs\/wp-json\/wp\/v2\/types\/page"}],"author":[{"embeddable":true,"href":"https:\/\/www.urtikariaverband.eu\/cs\/wp-json\/wp\/v2\/users\/1"}],"replies":[{"embeddable":true,"href":"https:\/\/www.urtikariaverband.eu\/cs\/wp-json\/wp\/v2\/comments?post=164"}],"version-history":[{"count":32,"href":"https:\/\/www.urtikariaverband.eu\/cs\/wp-json\/wp\/v2\/pages\/164\/revisions"}],"predecessor-version":[{"id":504,"href":"https:\/\/www.urtikariaverband.eu\/cs\/wp-json\/wp\/v2\/pages\/164\/revisions\/504"}],"wp:attachment":[{"href":"https:\/\/www.urtikariaverband.eu\/cs\/wp-json\/wp\/v2\/media?parent=164"}],"curies":[{"name":"wp","href":"https:\/\/api.w.org\/{rel}","templated":true}]}}