{"id":198,"date":"2026-04-09T09:30:40","date_gmt":"2026-04-09T07:30:40","guid":{"rendered":"https:\/\/www.urtikariaverband.eu\/?page_id=198"},"modified":"2026-04-10T12:25:18","modified_gmt":"2026-04-10T10:25:18","slug":"unabhaengigkeit-finanzierung","status":"publish","type":"page","link":"https:\/\/www.urtikariaverband.eu\/cs\/unabhaengigkeit-finanzierung\/","title":{"rendered":"Unabh\u00e4ngigkeit &amp; Finanzierung"},"content":{"rendered":"<h2 class=\"wp-block-heading\">Unsere Unabh\u00e4ngigkeit<\/h2>\n\n\n\n<p>V den letzten Jahren haben wir erlebt, wie stark Selbsthilfe von \u00f6ffentlichen F\u00f6rderungen abh\u00e4ngig sein kann und wie schnell Mittel gestrichen werden, wenn Projekte nicht im Einklang mit Interessen Dritter stehen. <br><br>Deshalb verstehen wir Unabh\u00e4ngigkeit heute als Freiheit von Interessen, unabh\u00e4ngig davon, ob sie aus der Industrie, aus der \u00f6ffentlichen Ru\u010dn\u00ed oder von anderen gro\u00dfen Geldgebern kommen. <br><br>Unabh\u00e4ngige Selbsthilfe hei\u00dft f\u00fcr uns: <br><br>Wir gestalten Inhalte, Themen und Projekte ausschlie\u00dflich nach den Bed\u00fcrfnissen von Menschen mit Mastzellerkrankungen. <br><br>Wir arbeiten wissenschaftlich. <br>Alles, byl wir recherchieren, aufbereiten, ver\u00f6ffentlichen, entsteht in unserer eigenen Organisation. <br><br>Die Wertsch\u00f6pfung bleibt bei uns und wir geben keine inhaltliche Kontrolle nach au\u00dfen \u2013 au\u00dfer in der Zusammenarbeit mit f\u00fchrenden Experten ab. <br><\/p>\n\n\n\n<h2 class=\"wp-block-heading\">Komplexy, beeinflusstes Gesundheitssyst\u00e9m<\/h2>\n\n\n\n<p>Ke sta\u017een\u00ed Gesundheitssystem ist hochkomplex und wird von vielen Akteuren mit sehr unterschiedlichen Interessen gepr\u00e4gt. <br><br>F\u00fcr Betroffene ist oft nicht nachvollziehbar, wer welche Rolle spielt und wie Entscheidungen zustande kommen. <br><br>Orientierung braucht deshalb nicht nur medizinisches Wissen, sondern auch ein Verst\u00e4ndnis f\u00fcr diese Strukturen, N\u011bmecko <br><br>Letztlich z\u00e4hlt vor allem Eines: <br>P\u0159idat \u0161t\u00edtky pro \"das Betroffenen m\u00f6glichst rasch und unb\u00fcrokratisch geholfen wird\".<br><\/p>\n\n\n\n<h2 class=\"wp-block-heading\">Byl wir gelernt haben<\/h2>\n\n\n\n<p>V angli\u010dtin\u011b Jahren haben wir erlebt, dass selbst Projekte, die wir gemeinsam mit international f\u00fchrenden Forschenden als notwendig einsch\u00e4tzt haben, von der \u00f6ffentlichen Hand nicht unterst\u00fctzt wurden.<\/p>\n\n\n\n<p>St\u00e1hnout zentrale Erkenntnis:<br><br>Nur weil etwas im Interesse von Patienten ist, bedeutet das nicht, dass es in innerhalb bestehender F\u00f6rderlogiken ber\u00fccksichtigt oder finanziert wird. <br><\/p>\n\n\n\n<h2 class=\"wp-block-heading\">Unsere Konsequenzen<\/h2>\n\n\n\n<p>Aus diesen Erfahrungen haben wir eine klare Konsequenz gezogen. <br><br>Dal\u0161\u00ed aktu\u00e1ln\u011b obl\u00edben\u00e9 hry na t\u00e9to str\u00e1nce: Arbeit wird \u00fcber eigene Angebote wie Ratgeber, Workshops und Veranstaltungen f\u00fcr finanziert. <br><br>Diese Angebote entstehen aus unserer langj\u00e4hrigen Erfahrung (hudebn\u00ed n\u00e1zev: Diese Angebote entstehen aus unserer langj\u00e4hrigen Erfahrung).  <br><br>Gleichzeitig ist uns wichtig, dass Unterst\u00fctzung nicht vom Einkommen abh\u00e4ngt. <br><br>Deshalb halten wir unsere Kapazit\u00e4ten f\u00fcr Menschen bereit, die es aktuell in Syst\u00e9mov\u00e9 po\u017eadavky schwer haben. <br><\/p>\n\n\n\n<h2 class=\"wp-block-heading\">Aktuelle Entwicklungenov\u00e1<\/h2>\n\n\n\n<p>Gleichzeitig erleben wir einen tiefgreifenden Umbruch im Gesundheitssyst\u00e9m. <br><br>P\u0159idat \u0161t\u00edtky pro \"Immer mehr Menschen mit komplexen Erkrankungen wie MCAS, ME\/CFS, Long Covid und mastzellassoziierten Erkrankungen fallen durch bestehende Versorgungs- und Sozialsysteme.\". <br><br>Die Kosten f\u00fcr medizinische Versorgung sind deutlich gestiegen (Die Kosten f\u00fcr medizinische Versorgung sind deutlich gestiegen). <br><br>Wir sehen: <\/p>\n\n\n\n<ul class=\"wp-block-list\">\n<li>Hohe Ausgaben f\u00fcr Diagnostik und Therapie Syst\u00e9mov\u00e9 po\u017eadavky<\/li>\n\n\n\n<li>Ubytov\u00e1n\u00ed v okol\u00ed destinace Kosten im Wahlarztbereich<\/li>\n\n\n\n<li>zunehmende finanzielle Belastung f\u00fcr Betroffene und ihre Familien<\/li>\n<\/ul>\n\n\n\n<h2 class=\"wp-block-heading\">St\u00e1hnout Arbeit mit schweren F\u00e4llen<\/h2>\n\n\n\n<p>Seit Jahren begleiten wir besonders schwer betroffene Menschen, die keinen Zugang zu ausreichender medizinischer Versorgung und sozialer Unterst\u00fctzung haben (Seit Jahren begleiten wir besonders schwer betroffene Menschen, die keinen Zugang zu ausreichender medizinischer Versorgung und sozialer Unterst\u00fctzung haben). <br><br>F\u00fcr diese F\u00e4lle gibt es keine spezialisierten Strukturen. <br><\/p>\n\n\n\n<h2 class=\"wp-block-heading\">Soziale Verantwortung<\/h2>\n\n\n\n<p>Unser Modely v t\u00e9to galerii Unabh\u00e4ngigkeit mit sozialer Verantwortung. <br><br>Wir stellen sicher, dass Unterst\u00fctzung nicht vom Einkommen abh\u00e4ngt. [V\u00edce informac\u00ed] <br><a href=\"https:\/\/www.urtikariaverband.eu\/cs\/soziale-verantwortung\/\" target=\"_blank\" rel=\"noopener\" title=\"Soziale Verantwortung\"><br><strong>mehr lesen<\/strong><\/a><\/p>\n\n\n\n<h2 class=\"wp-block-heading\"><br>Vertiefende Informace<\/h2>\n\n\n\n<p>Wer sich vertiefend mit den Hintergr\u00fcnden unserer Arbeit und den strukturellen Rahmenbedingungen im Gesundheitssystem auseinandersetzen m\u00f6chte, findet weitere Informace o modelu <strong><a href=\"http:\/\/www.selbsthilfe2punkt0.org\" target=\"_blank\" rel=\"noopener\" title=\"\">SH 2.0<\/a><\/strong> und im <a href=\"http:\/\/www.incendi-magazin.com\" target=\"_blank\" rel=\"noopener\" title=\"\"><strong>Incendi magaz\u00edn<\/strong><\/a><strong><a href=\"http:\/\/www.selbsthilfe2punkt0.org\" target=\"_blank\" rel=\"noopener\" title=\"\">.<\/a><\/strong><\/p>\n\n\n\n<div style=\"height:100px\" aria-hidden=\"true\" class=\"wp-block-spacer\"><\/div>","protected":false},"excerpt":{"rendered":"<p>Dal\u0161\u00ed podrobnosti o za\u0159\u00edzen\u00ed In den letzten Jahren haben wir erlebt, wie stark Selbsthilfe von \u00f6ffentlichen F\u00f6rderungen abh\u00e4ngig sein kann und wie schnell Mittel gestrichen werden, wenn Projekte nicht im Einklang mit Interessen Dritter stehen. P\u0159edchoz\u00ed P\u0159edchoz\u00ed p\u0159\u00edsp\u011bvek: Unabh\u00e4ngigkeit heute als Freiheit von Interessen, unabh\u00e4ngig davon, ob sie aus der Industrie, aus der \u00f6ffentlichen Hand oder von [\u2026]<\/p>","protected":false},"author":1,"featured_media":0,"parent":0,"menu_order":0,"comment_status":"closed","ping_status":"closed","template":"","meta":{"om_disable_all_campaigns":false,"_monsterinsights_skip_tracking":false,"_monsterinsights_sitenote_active":false,"_monsterinsights_sitenote_note":"","_monsterinsights_sitenote_category":0,"footnotes":""},"class_list":["post-198","page","type-page","status-publish","hentry"],"aioseo_notices":[],"_links":{"self":[{"href":"https:\/\/www.urtikariaverband.eu\/cs\/wp-json\/wp\/v2\/pages\/198","targetHints":{"allow":["GET"]}}],"collection":[{"href":"https:\/\/www.urtikariaverband.eu\/cs\/wp-json\/wp\/v2\/pages"}],"about":[{"href":"https:\/\/www.urtikariaverband.eu\/cs\/wp-json\/wp\/v2\/types\/page"}],"author":[{"embeddable":true,"href":"https:\/\/www.urtikariaverband.eu\/cs\/wp-json\/wp\/v2\/users\/1"}],"replies":[{"embeddable":true,"href":"https:\/\/www.urtikariaverband.eu\/cs\/wp-json\/wp\/v2\/comments?post=198"}],"version-history":[{"count":10,"href":"https:\/\/www.urtikariaverband.eu\/cs\/wp-json\/wp\/v2\/pages\/198\/revisions"}],"predecessor-version":[{"id":521,"href":"https:\/\/www.urtikariaverband.eu\/cs\/wp-json\/wp\/v2\/pages\/198\/revisions\/521"}],"wp:attachment":[{"href":"https:\/\/www.urtikariaverband.eu\/cs\/wp-json\/wp\/v2\/media?parent=198"}],"curies":[{"name":"wp","href":"https:\/\/api.w.org\/{rel}","templated":true}]}}