{"id":222,"date":"2026-04-09T17:24:51","date_gmt":"2026-04-09T15:24:51","guid":{"rendered":"https:\/\/www.urtikariaverband.eu\/?page_id=222"},"modified":"2026-04-16T20:12:38","modified_gmt":"2026-04-16T18:12:38","slug":"ueber-uns","status":"publish","type":"page","link":"https:\/\/www.urtikariaverband.eu\/cs\/ueber-uns\/","title":{"rendered":"\u00dcber uns"},"content":{"rendered":"<p>Der Urtikariaverband ist eine unabh\u00e4ngige Organisation f\u00fcr Menschen mit Urtikaria, Angio\u00f6demen und mastzellassoziierten Erkrankungen (Organizace pro mal\u00e9 a st\u0159edn\u00ed podniky Urtikaria, Angio\u00f6demen a mastzellassoziierten Erkrankungen). <\/p>\n\n\n\n<p><br><br><\/p>","protected":false},"excerpt":{"rendered":"<p>Der Urtikariaverband ist eine unabh\u00e4ngige Organisation f\u00fcr Menschen mit Urtikaria, Angio\u00f6demen und mastzellassoziierten Erkrankungen (Organizace pro mal\u00e9 a st\u0159edn\u00ed podniky Urtikaria, Angio\u00f6demen a mastzellassoziierten Erkrankungen).<\/p>","protected":false},"author":1,"featured_media":0,"parent":0,"menu_order":0,"comment_status":"closed","ping_status":"closed","template":"","meta":{"om_disable_all_campaigns":false,"_monsterinsights_skip_tracking":false,"_monsterinsights_sitenote_active":false,"_monsterinsights_sitenote_note":"","_monsterinsights_sitenote_category":0,"footnotes":""},"class_list":["post-222","page","type-page","status-publish","hentry"],"aioseo_notices":[],"_links":{"self":[{"href":"https:\/\/www.urtikariaverband.eu\/cs\/wp-json\/wp\/v2\/pages\/222","targetHints":{"allow":["GET"]}}],"collection":[{"href":"https:\/\/www.urtikariaverband.eu\/cs\/wp-json\/wp\/v2\/pages"}],"about":[{"href":"https:\/\/www.urtikariaverband.eu\/cs\/wp-json\/wp\/v2\/types\/page"}],"author":[{"embeddable":true,"href":"https:\/\/www.urtikariaverband.eu\/cs\/wp-json\/wp\/v2\/users\/1"}],"replies":[{"embeddable":true,"href":"https:\/\/www.urtikariaverband.eu\/cs\/wp-json\/wp\/v2\/comments?post=222"}],"version-history":[{"count":6,"href":"https:\/\/www.urtikariaverband.eu\/cs\/wp-json\/wp\/v2\/pages\/222\/revisions"}],"predecessor-version":[{"id":524,"href":"https:\/\/www.urtikariaverband.eu\/cs\/wp-json\/wp\/v2\/pages\/222\/revisions\/524"}],"wp:attachment":[{"href":"https:\/\/www.urtikariaverband.eu\/cs\/wp-json\/wp\/v2\/media?parent=222"}],"curies":[{"name":"wp","href":"https:\/\/api.w.org\/{rel}","templated":true}]}}