{"id":413,"date":"2026-04-13T13:54:19","date_gmt":"2026-04-13T11:54:19","guid":{"rendered":"https:\/\/www.urtikariaverband.eu\/?page_id=413"},"modified":"2026-04-13T13:54:21","modified_gmt":"2026-04-13T11:54:21","slug":"mcas-und-urtikaria-einordnung-und-beratung","status":"publish","type":"page","link":"https:\/\/www.urtikariaverband.eu\/cs\/mcas-und-urtikaria-einordnung-und-beratung\/","title":{"rendered":"MCAS a kop\u0159ivka \u2013 klasifikace a poradenstv\u00ed"},"content":{"rendered":"<h2 class=\"wp-block-heading\">MCAS a kop\u0159ivka \u2013 nezbytn\u00e1 klasifikace<\/h2>\n\n\n\n<p><br><br>V posledn\u00edch letech se term\u00edn MCAS (syndrom aktivace mastocyt\u016f) stal siln\u011b p\u0159\u00edtomn\u00fdm v digit\u00e1ln\u00edm prostoru. <br><br>Z\u00e1rove\u0148 pozorujeme, \u017ee mnoho lid\u00ed s kop\u0159ivkou v t\u00e9to souvislosti p\u0159ed\u010dasn\u011b klasifikuje sv\u00e9 st\u00ed\u017enosti. <br><br><strong>D\u016eLE\u017dIT\u00c9 UPOZORN\u011aN\u00cd<\/strong><\/p>\n\n\n\n<p>Kop\u0159ivka je nez\u00e1visl\u00e9 onemocn\u011bn\u00ed s r\u016fzn\u00fdmi p\u0159\u00ed\u010dinami. <\/p>\n\n\n\n<p>Ona je <strong>Nen\u00ed to stejn\u00e9 jako MCAS. <\/strong><\/p>\n\n\n\n<p>A\u010dkoli se mohou jednotliv\u00e9 p\u0159\u00edznaky p\u0159ekr\u00fdvat, neznamen\u00e1 to, \u017ee je automaticky p\u0159\u00edtomen syndrom aktivace \u017e\u00edrn\u00fdch bun\u011bk. <br><\/p>\n\n\n\n<h2 class=\"wp-block-heading\">Na\u0161e zku\u0161enosti s poradenstv\u00edm v oblasti kop\u0159ivky<\/h2>\n\n\n\n<p>Mnoho let pr\u00e1ce s lidmi s kop\u0159ivkou uk\u00e1zalo, \u017ee: <br><br>Ve v\u011bt\u0161in\u011b p\u0159\u00edpad\u016f je <strong>\u017d\u00e1dn\u00e9 MCAS<\/strong> p\u0159edt\u00edm. <br><br>Posti\u017een\u00e9 osoby se v\u0161ak na tuto diagn\u00f3zu zam\u011b\u0159uj\u00ed v ran\u00e9 f\u00e1zi, \u010dasto ovlivn\u011bn\u00e9 informacemi z digit\u00e1ln\u00edch prostor\u016f. <br><br>V na\u0161em workshopu uk\u00e1\u017eeme, jak takov\u00fd obsah vznik\u00e1, jak\u00e9 z\u00e1jmy za n\u00edm stoj\u00ed a jak je kriticky klasifikov\u00e1n. <br><br><strong>Pod\u00edvejte se na workshop<\/strong><br><\/p>\n\n\n\n<h2 class=\"wp-block-heading\">Pro\u010d m\u016f\u017ee b\u00fdt p\u0159ed\u010dasn\u00e1 determinace problematick\u00e1<\/h2>\n\n\n\n<p>P\u0159ed\u010dasn\u00e9 zam\u011b\u0159en\u00ed na MCAS m\u016f\u017ee v\u00e9st k: <\/p>\n\n\n\n<ul class=\"wp-block-list\">\n<li>jin\u00e9 mo\u017en\u00e9 p\u0159\u00ed\u010diny nejsou dostate\u010dn\u011b objasn\u011bny<\/li>\n\n\n\n<li>L\u00e9ka\u0159sky nezbytn\u00e1 diagnostika<\/li>\n\n\n\n<li>Ztr\u00e1c\u00ed se drahocenn\u00fd \u010das<\/li>\n<\/ul>\n\n\n\n<p>V n\u011bkter\u00fdch p\u0159\u00edpadech jsme zaznamenali, \u017ee z\u00e1va\u017en\u00e1 onemocn\u011bn\u00ed byla zji\u0161t\u011bna pozd\u011b, proto\u017ee zam\u011b\u0159en\u00ed bylo p\u0159\u00edli\u0161 dlouh\u00e9 na jin\u00e9 nemoci. Proto d\u016fsledn\u011b nedoporu\u010dujeme diagnostiku tla\u010dit sm\u011brem k MCAS, dokud nebude provedeno d\u016fkladn\u00e9 objasn\u011bn\u00ed. <br><br>T\u00edmto se v\u00fdslovn\u011b distancujeme od mnoha obsah\u016f, kter\u00e9 jsou \u0161\u00ed\u0159eny ve skupin\u00e1ch. <br><br>Zejm\u00e9na v\u0161ak skute\u010dnost, \u017ee MCAS m\u016f\u017ee b\u00fdt l\u00e9\u010den GLP1 nebo \u017ee kop\u0159ivka je pouze p\u0159\u00edznakem MCAS. <br><\/p>\n\n\n\n<h2 class=\"wp-block-heading\">N\u00e1\u0161 p\u0159\u00edstup <\/h2>\n\n\n\n<p>Doporu\u010dujeme<\/p>\n\n\n\n<ul class=\"wp-block-list\">\n<li>Kop\u0159ivka je t\u0159eba br\u00e1t v\u00e1\u017en\u011b jako nez\u00e1visl\u00e9 onemocn\u011bn\u00ed<\/li>\n\n\n\n<li>D\u016fsledn\u011b prov\u00e1d\u011bt nezbytn\u00e9 l\u00e9ka\u0159sk\u00e9 prohl\u00eddky<\/li>\n\n\n\n<li>Ned\u011blejte diagn\u00f3zy p\u0159ed\u010dasn\u011b<\/li>\n<\/ul>\n\n\n\n<p>Pouze na tomto z\u00e1klad\u011b lze rozhodnout, zda maj\u00ed dal\u0161\u00ed ot\u00e1zky \u2013 t\u00fdkaj\u00edc\u00ed se MCAS \u2013 smysl. <\/p>\n\n\n\n<p><\/p>\n\n\n\n<h2 class=\"wp-block-heading\">Klasifikace informac\u00ed<\/h2>\n\n\n\n<p>Vid\u00edme, \u017ee v digit\u00e1ln\u00edm prostoru se vyv\u00edjej\u00ed r\u016fzn\u00e9 perspektivy a interpretace. <\/p>\n\n\n\n<p>Ne v\u0161echny jsou odborn\u011b zaji\u0161t\u011bn\u00e9 nebo vhodn\u00e9 pro konkr\u00e9tn\u00ed situaci. <br><br>Na\u0161\u00edm c\u00edlem je umo\u017enit nez\u00e1vislou klasifikaci a p\u0159edch\u00e1zet \u0161patn\u00e9mu v\u00fdvoji. <br><br>Pokud o\u010dek\u00e1v\u00e1te potvrzen\u00ed sv\u00fdch p\u0159edpoklad\u016f pouze na z\u00e1klad\u011b informac\u00ed z digit\u00e1ln\u00edch prostor\u016f, poradenstv\u00ed odm\u00edtneme. <\/p>\n\n\n\n<h2 class=\"wp-block-heading\">vymezen\u00ed<\/h2>\n\n\n\n<p>Kritizujeme skute\u010dnost, \u017ee v n\u011bkter\u00fdch p\u0159\u00edpadech jsou v digit\u00e1ln\u00edch prostorech \u0161\u00ed\u0159ena velmi zjednodu\u0161en\u00e1 nebo nedostate\u010dn\u011b zabezpe\u010den\u00e1 prohl\u00e1\u0161en\u00ed. <\/p>\n\n\n\n<p>Jedn\u00e1 se zejm\u00e9na o prohl\u00e1\u0161en\u00ed, <\/p>\n\n\n\n<ul class=\"wp-block-list\">\n<li>Kop\u0159ivka je p\u0159\u00edznakem MCAS.<\/li>\n\n\n\n<li>nebo \u017ee n\u011bkter\u00e9 l\u00e9\u010debn\u00e9 p\u0159\u00edstupy jsou prezentov\u00e1ny jako obecn\u011b \u00fa\u010dinn\u00e9 bez dostate\u010dn\u00e9ho technick\u00e9ho z\u00e1kladu pro toto<\/li>\n<\/ul>\n\n\n\n<p>Podle na\u0161eho n\u00e1zoru je takov\u00e9 sn\u00ed\u017een\u00ed technicky neudr\u017eiteln\u00e9 a m\u016f\u017ee v\u00fdznamn\u011b uv\u00e9st dot\u010den\u00e9 osoby v omyl, pokud jde o jejich orientaci. <\/p>","protected":false},"excerpt":{"rendered":"<p>MCAS a kop\u0159ivka \u2013 nezbytn\u00e1 klasifikace V posledn\u00edch letech se v digit\u00e1ln\u00edm prostoru v\u00fdrazn\u011b roz\u0161\u00ed\u0159il pojem MCAS (syndrom aktivace mastocyt\u016f). Z\u00e1rove\u0148 pozorujeme, \u017ee mnoho lid\u00ed s kop\u0159ivkou v t\u00e9to souvislosti p\u0159ed\u010dasn\u011b klasifikuje sv\u00e9 st\u00ed\u017enosti. Kop\u0159ivka je nez\u00e1visl\u00e9 onemocn\u011bn\u00ed s r\u016fzn\u00fdmi p\u0159\u00ed\u010dinami. Nen\u00ed to stejn\u00e9 jako MCAS. I kdy\u017e [\u2026]<\/p>","protected":false},"author":1,"featured_media":0,"parent":0,"menu_order":0,"comment_status":"closed","ping_status":"closed","template":"","meta":{"om_disable_all_campaigns":false,"_monsterinsights_skip_tracking":false,"_monsterinsights_sitenote_active":false,"_monsterinsights_sitenote_note":"","_monsterinsights_sitenote_category":0,"footnotes":""},"class_list":["post-413","page","type-page","status-publish","hentry"],"aioseo_notices":[],"_links":{"self":[{"href":"https:\/\/www.urtikariaverband.eu\/cs\/wp-json\/wp\/v2\/pages\/413","targetHints":{"allow":["GET"]}}],"collection":[{"href":"https:\/\/www.urtikariaverband.eu\/cs\/wp-json\/wp\/v2\/pages"}],"about":[{"href":"https:\/\/www.urtikariaverband.eu\/cs\/wp-json\/wp\/v2\/types\/page"}],"author":[{"embeddable":true,"href":"https:\/\/www.urtikariaverband.eu\/cs\/wp-json\/wp\/v2\/users\/1"}],"replies":[{"embeddable":true,"href":"https:\/\/www.urtikariaverband.eu\/cs\/wp-json\/wp\/v2\/comments?post=413"}],"version-history":[{"count":1,"href":"https:\/\/www.urtikariaverband.eu\/cs\/wp-json\/wp\/v2\/pages\/413\/revisions"}],"predecessor-version":[{"id":414,"href":"https:\/\/www.urtikariaverband.eu\/cs\/wp-json\/wp\/v2\/pages\/413\/revisions\/414"}],"wp:attachment":[{"href":"https:\/\/www.urtikariaverband.eu\/cs\/wp-json\/wp\/v2\/media?parent=413"}],"curies":[{"name":"wp","href":"https:\/\/api.w.org\/{rel}","templated":true}]}}