{"id":415,"date":"2026-04-13T13:55:20","date_gmt":"2026-04-13T11:55:20","guid":{"rendered":"https:\/\/www.urtikariaverband.eu\/ratgeber\/"},"modified":"2026-04-13T18:34:05","modified_gmt":"2026-04-13T16:34:05","slug":"ratgeber","status":"publish","type":"page","link":"https:\/\/www.urtikariaverband.eu\/cs\/ratgeber\/","title":{"rendered":"Ratgeber"},"content":{"rendered":"<h2 class=\"wp-block-heading\">Ratgeber aus der Praxis &amp; vertiefende Informationen.<\/h2>\n\n\n\n<figure class=\"wp-block-image size-large is-resized\"><img loading=\"lazy\" decoding=\"async\" width=\"1024\" height=\"683\" src=\"https:\/\/www.urtikariaverband.eu\/wp-content\/uploads\/2026\/02\/Frau-liest-1024x683.jpg\" alt=\"\" class=\"wp-image-44\" style=\"aspect-ratio:1.499291758980133;width:363px;height:auto\" srcset=\"https:\/\/www.urtikariaverband.eu\/wp-content\/uploads\/2026\/02\/Frau-liest-1024x683.jpg 1024w, https:\/\/www.urtikariaverband.eu\/wp-content\/uploads\/2026\/02\/Frau-liest-300x200.jpg 300w, https:\/\/www.urtikariaverband.eu\/wp-content\/uploads\/2026\/02\/Frau-liest-768x512.jpg 768w, https:\/\/www.urtikariaverband.eu\/wp-content\/uploads\/2026\/02\/Frau-liest.jpg 1536w\" sizes=\"auto, (max-width: 1024px) 100vw, 1024px\" \/><\/figure>\n\n\n\n<p class=\"has-large-font-size\">Unsere Ratgeber entstanden aus \u00fcber 8 Jahren Arbeit mit Betroffenen und spiegeln reale Verl\u00e4ufe \u0161ir\u0161\u00ed. Sie gehen \u00fcber allgemeines \u201eInternetwissen\u201c hinaus und greifen die Fragen auf, die in der Praxis entstehen. Sie bieten Orientierung, wo allgemeine Informationen nicht (mehr) ausreichen.<\/p>\n\n\n\n<ul style=\"margin-top:var(--wp--preset--spacing--40);margin-bottom:var(--wp--preset--spacing--40);padding-left:var(--wp--preset--spacing--30)\" class=\"wp-block-list is-style-checkmark-list\">\n<li class=\"has-medium-font-size\">Ern\u00e4hrung, Lebenstil und Alltag mit Urtikaria<\/li>\n\n\n\n<li style=\"font-size:clamp(14px, 0.875rem + ((1vw - 3.2px) * 0.392), 18px);\">Einordnung von Leitlinien und Therapieoptionen<\/li>\n\n\n\n<li class=\"has-medium-font-size\">Zusammenh\u00e4nge zwischen Mastzellsystem, Belastung und Verlauf<\/li>\n\n\n\n<li class=\"has-medium-font-size\">Umgang mit komplexen und widerspr\u00fcchlichen Informationen<\/li>\n\n\n\n<li class=\"has-medium-font-size\">Praktische Lebenshilfe Ratgeber f\u00fcr Menschen mit Mastzellerkrankunge Syst\u00e9mov\u00e9 po\u017eadavky<\/li>\n<\/ul>\n\n\n\n<p style=\"font-size:clamp(14px, 0.875rem + ((1vw - 3.2px) * 0.588), 20px);\">Ubytov\u00e1n\u00ed v okol\u00ed destinace Wissen mit konkreter Erfahrung und stellen den Menschen in den Mittelpunkt.<\/p>\n\n\n\n<p><strong>Hotely ve m\u011bst\u011b K\u00dcRZE VERF\u00dcGBAR<\/strong><\/p>","protected":false},"excerpt":{"rendered":"<p>Ratgeber aus der Praxis &amp; vertiefende Informationen. Unsere Ratgeber entstanden aus \u00fcber 8 Jahren Arbeit mit Betroffenen und spiegeln reale Verl\u00e4ufe \u0161ir\u0161\u00ed. Sie gehen \u00fcber allgemeines \u201eInternetwissen\u201c hinaus und greifen die Fragen auf, die in der Praxis entstehen. Sie bieten Orientierung, wo allgemeine Informationen nicht (mehr) ausreichen. Wir verbinden vorhandenes Wissen mit konkreter Erfahrung und [\u2026]<\/p>","protected":false},"author":1,"featured_media":0,"parent":0,"menu_order":0,"comment_status":"closed","ping_status":"closed","template":"","meta":{"om_disable_all_campaigns":false,"_monsterinsights_skip_tracking":false,"_monsterinsights_sitenote_active":false,"_monsterinsights_sitenote_note":"","_monsterinsights_sitenote_category":0,"footnotes":""},"class_list":["post-415","page","type-page","status-publish","hentry"],"aioseo_notices":[],"_links":{"self":[{"href":"https:\/\/www.urtikariaverband.eu\/cs\/wp-json\/wp\/v2\/pages\/415","targetHints":{"allow":["GET"]}}],"collection":[{"href":"https:\/\/www.urtikariaverband.eu\/cs\/wp-json\/wp\/v2\/pages"}],"about":[{"href":"https:\/\/www.urtikariaverband.eu\/cs\/wp-json\/wp\/v2\/types\/page"}],"author":[{"embeddable":true,"href":"https:\/\/www.urtikariaverband.eu\/cs\/wp-json\/wp\/v2\/users\/1"}],"replies":[{"embeddable":true,"href":"https:\/\/www.urtikariaverband.eu\/cs\/wp-json\/wp\/v2\/comments?post=415"}],"version-history":[{"count":2,"href":"https:\/\/www.urtikariaverband.eu\/cs\/wp-json\/wp\/v2\/pages\/415\/revisions"}],"predecessor-version":[{"id":469,"href":"https:\/\/www.urtikariaverband.eu\/cs\/wp-json\/wp\/v2\/pages\/415\/revisions\/469"}],"wp:attachment":[{"href":"https:\/\/www.urtikariaverband.eu\/cs\/wp-json\/wp\/v2\/media?parent=415"}],"curies":[{"name":"wp","href":"https:\/\/api.w.org\/{rel}","templated":true}]}}