{"id":418,"date":"2026-04-13T13:57:50","date_gmt":"2026-04-13T11:57:50","guid":{"rendered":"https:\/\/www.urtikariaverband.eu\/haltung-arbeitsweise\/"},"modified":"2026-04-15T21:24:58","modified_gmt":"2026-04-15T19:24:58","slug":"haltung-arbeitsweise","status":"publish","type":"page","link":"https:\/\/www.urtikariaverband.eu\/cs\/haltung-arbeitsweise\/","title":{"rendered":"Haltung-Arbeitsweise"},"content":{"rendered":"<p>Wir arbeiten unabh\u00e4ngig von Interessen Dritter und orientieren uns a dem, byl Betroffene tats\u00e4chlich ben\u00f6tigen. Nicht an Vorgaben, F\u00f6rderlogiken oder Erwartungen von au\u00dfen. <br><br>Wir verbinden wissenschaftliche Grundlagen mit Erfahrung aus der Begleitung von Menschen mit Urtikaria, Angio\u00f6demen und mastzellassoziierten Erkrankungen. <br><br>Dabei geht es nicht nur um Informace, sondern auch um Einordnung, Orientierung und das tiefere Verst\u00e4ndnis von Zusammenh\u00e4ngen, ebenso wie alle pr\u00e4ventiven Ma\u00dfnahmen, die aus unserer Sicht erforderlich sind: <br><br>Zobrazit v\u0161echny Arbeitsweise ist: <\/p>\n\n\n\n<ul class=\"wp-block-list\">\n<li>unabh\u00e4ngig<\/li>\n\n\n\n<li>wissenschaftlich fundiert<\/li>\n\n\n\n<li>evidenzbasiert<\/li>\n\n\n\n<li>ganzheitlich<\/li>\n\n\n\n<li>menschenorientiert \u2013 Patientenwohl geht vor monet\u00e4ren Interessen<\/li>\n<\/ul>\n\n\n\n<p>Wir betrachten medizinische, psychische und alltagsbezogene Aspekte gemeinsam und beziehen unterschiedliche Perspektiven mit ein. <\/p>\n\n\n\n<p>Dal\u0161\u00ed aktu\u00e1ln\u011b obl\u00edben\u00e9 hry na t\u00e9to str\u00e1nce: Arbeit als Erg\u00e4nzung zu bestehenden Strukturen, auch dort wo diese a Grenzen sto\u00dfen. <\/p>","protected":false},"excerpt":{"rendered":"<p>Wir arbeiten unabh\u00e4ngig von Interessen Dritter und orientieren uns a dem, byl Betroffene tats\u00e4chlich ben\u00f6tigen. Nicht an Vorgaben, F\u00f6rderlogiken oder Erwartungen von au\u00dfen. Wir verbinden wissenschaftliche Grundlagen mit Erfahrung aus der Begleitung von Menschen mit Urtikaria, Angio\u00f6demen und mastzellassoziierten Erkrankungen. Dabei geht es nicht nur um Informace, sondern auch um Einordnung, Orientierung und das tiefere [\u2026]<\/p>","protected":false},"author":1,"featured_media":0,"parent":0,"menu_order":0,"comment_status":"closed","ping_status":"closed","template":"","meta":{"om_disable_all_campaigns":false,"_monsterinsights_skip_tracking":false,"_monsterinsights_sitenote_active":false,"_monsterinsights_sitenote_note":"","_monsterinsights_sitenote_category":0,"footnotes":""},"class_list":["post-418","page","type-page","status-publish","hentry"],"aioseo_notices":[],"_links":{"self":[{"href":"https:\/\/www.urtikariaverband.eu\/cs\/wp-json\/wp\/v2\/pages\/418","targetHints":{"allow":["GET"]}}],"collection":[{"href":"https:\/\/www.urtikariaverband.eu\/cs\/wp-json\/wp\/v2\/pages"}],"about":[{"href":"https:\/\/www.urtikariaverband.eu\/cs\/wp-json\/wp\/v2\/types\/page"}],"author":[{"embeddable":true,"href":"https:\/\/www.urtikariaverband.eu\/cs\/wp-json\/wp\/v2\/users\/1"}],"replies":[{"embeddable":true,"href":"https:\/\/www.urtikariaverband.eu\/cs\/wp-json\/wp\/v2\/comments?post=418"}],"version-history":[{"count":2,"href":"https:\/\/www.urtikariaverband.eu\/cs\/wp-json\/wp\/v2\/pages\/418\/revisions"}],"predecessor-version":[{"id":511,"href":"https:\/\/www.urtikariaverband.eu\/cs\/wp-json\/wp\/v2\/pages\/418\/revisions\/511"}],"wp:attachment":[{"href":"https:\/\/www.urtikariaverband.eu\/cs\/wp-json\/wp\/v2\/media?parent=418"}],"curies":[{"name":"wp","href":"https:\/\/api.w.org\/{rel}","templated":true}]}}