{"id":484,"date":"2026-04-19T20:04:39","date_gmt":"2026-04-19T18:04:39","guid":{"rendered":"https:\/\/www.urtikariaverband.eu\/?page_id=484"},"modified":"2026-04-20T12:03:09","modified_gmt":"2026-04-20T10:03:09","slug":"beratungen","status":"publish","type":"page","link":"https:\/\/www.urtikariaverband.eu\/cs\/beratungen\/","title":{"rendered":"konzultace"},"content":{"rendered":"<p>Na\u0161e konzultace kombinuj\u00ed l\u00e9ka\u0159sk\u00e9 znalosti se zku\u0161enostmi posti\u017een\u00fdch a pom\u00e1haj\u00ed porozum\u011bt vztah\u016fm a rozv\u00edjet udr\u017eiteln\u00e9 strategie.<\/p>\n\n\n\n<div class=\"wp-block-group alignfull has-global-padding is-content-justification-center is-layout-constrained wp-container-core-group-is-layout-df757ecc wp-block-group-is-layout-constrained\" style=\"margin-top:0;margin-bottom:0;padding-top:calc( 0.5 * var(--wp--style--root--padding-right, var(--wp--custom--gap--horizontal)));padding-right:var(--wp--style--root--padding-right, var(--wp--custom--gap--horizontal));padding-bottom:calc( 0.5 * var(--wp--style--root--padding-right, var(--wp--custom--gap--horizontal)));padding-left:var(--wp--style--root--padding-left, var(--wp--custom--gap--horizontal))\">\n<div style=\"height:calc( 0.25 * var(--wp--style--root--padding-right, var(--wp--custom--gap--horizontal)))\" aria-hidden=\"true\" class=\"wp-block-spacer\"><\/div>\n\n\n\n<div class=\"wp-block-group alignwide has-global-padding is-layout-constrained wp-container-core-group-is-layout-346627ba wp-block-group-is-layout-constrained\">\n<div class=\"wp-block-columns alignwide is-layout-flex wp-container-core-columns-is-layout-28f84493 wp-block-columns-is-layout-flex\">\n<div class=\"wp-block-column is-layout-flow wp-block-column-is-layout-flow\" style=\"flex-basis:40%\">\n<p class=\"has-text-align-right has-large-font-size\" style=\"border-style:none;border-width:0px;font-style:normal;font-weight:600\"><strong>Konzultace t\u00fdkaj\u00edc\u00ed se kop\u0159ivky<\/strong><br><\/p>\n<\/div>\n\n\n\n<div class=\"wp-block-column is-layout-flow wp-block-column-is-layout-flow\">\n<p>P\u0159i konzultaci s kop\u0159ivkou vytv\u00e1\u0159\u00edme jasnost. Odpov\u00edme na v\u0161echny va\u0161e ot\u00e1zky. Zkontrolujte p\u0159edchoz\u00ed zji\u0161t\u011bn\u00ed, zjist\u011bte, jak m\u016f\u017ee pokra\u010dovat diagnosticky a terapeuticky a jak\u00e9 dal\u0161\u00ed mo\u017enosti m\u00e1te.<\/p>\n\n\n\n<p>Na\u0161e konzultace s kop\u0159ivkou v\u00e1m tak\u00e9 pom\u016f\u017ee l\u00e9pe porozum\u011bt va\u0161\u00ed situaci a naj\u00edt individu\u00e1ln\u00ed zp\u016fsob. <\/p>\n\n\n\n<p><a href=\"https:\/\/www.urtikariaverband.eu\/cs\/urtikaria-beratung\/\" target=\"_blank\" rel=\"noopener\" title=\"Konzultace t\u00fdkaj\u00edc\u00ed se kop\u0159ivky\">Dozv\u011bd\u011bt se v\u00edce<\/a><\/p>\n\n\n\n<p><\/p>\n<\/div>\n<\/div>\n\n\n\n<div class=\"wp-block-columns alignwide is-layout-flex wp-container-core-columns-is-layout-28f84493 wp-block-columns-is-layout-flex\">\n<div class=\"wp-block-column is-layout-flow wp-block-column-is-layout-flow\" style=\"flex-basis:40%\">\n<p class=\"has-text-align-right has-large-font-size\" style=\"font-style:normal;font-weight:600\"><strong>Psychologick\u00e9 poradenstv\u00ed<\/strong><br><\/p>\n<\/div>\n\n\n\n<div class=\"wp-block-column is-layout-flow wp-block-column-is-layout-flow\">\n<p>Kop\u0159ivka neovliv\u0148uje pouze t\u011blo.<\/p>\n\n\n\n<p>Podporujeme v\u00e1s p\u0159i lep\u0161\u00edm zvl\u00e1d\u00e1n\u00ed stresu, nejistoty a emocion\u00e1ln\u00edch v\u00fdzev a p\u0159i rozv\u00edjen\u00ed nov\u00e9 stability.<\/p>\n\n\n\n<p><a href=\"https:\/\/www.urtikariaverband.eu\/cs\/psychologische-beratung\/\" target=\"_blank\" rel=\"noopener\" title=\"Psychologick\u00e9 poradenstv\u00ed\">Dozv\u011bd\u011bt se v\u00edce<\/a><\/p>\n\n\n\n<p><\/p>\n<\/div>\n<\/div>\n\n\n\n<div class=\"wp-block-columns alignwide is-layout-flex wp-container-core-columns-is-layout-28f84493 wp-block-columns-is-layout-flex\">\n<div class=\"wp-block-column is-layout-flow wp-block-column-is-layout-flow\" style=\"flex-basis:40%\">\n<h2 class=\"wp-block-heading has-text-align-right has-large-font-size\" style=\"font-style:normal;font-weight:600\"><strong>Dohled<\/strong><br><\/h2>\n<\/div>\n\n\n\n<div class=\"wp-block-column is-layout-flow wp-block-column-is-layout-flow\">\n<p>Dohled nab\u00edz\u00ed prostor k zamy\u0161len\u00ed, zejm\u00e9na pro lidi, kte\u0159\u00ed jsou profesion\u00e1ln\u011b posti\u017eeni a z\u00e1rove\u0148 \u017eij\u00ed s chronick\u00fdm onemocn\u011bn\u00edm.<\/p>\n\n\n\n<p>C\u00edlem je pos\u00edlit vlastn\u00ed man\u00e9vrovac\u00ed prostor.<\/p>\n\n\n\n<p><a href=\"https:\/\/www.urtikariaverband.eu\/cs\/supervision\/\" target=\"_blank\" rel=\"noopener\" title=\"Dohled\">Dozv\u011bd\u011bt se v\u00edce<\/a><\/p>\n\n\n\n<p><\/p>\n<\/div>\n<\/div>\n\n\n\n<div class=\"wp-block-columns alignwide is-layout-flex wp-container-core-columns-is-layout-28f84493 wp-block-columns-is-layout-flex\">\n<div class=\"wp-block-column is-layout-flow wp-block-column-is-layout-flow\" style=\"flex-basis:40%\">\n<h2 class=\"wp-block-heading has-text-align-right has-large-font-size\" style=\"font-style:normal;font-weight:600\"><strong>duchovn\u00ed p\u00e9\u010de<\/strong><br><\/h2>\n<\/div>\n\n\n\n<div class=\"wp-block-column is-layout-flow wp-block-column-is-layout-flow\">\n<p>Nemoc \u010dasto vyvol\u00e1v\u00e1 z\u00e1sadn\u00ed ot\u00e1zky.<\/p>\n\n\n\n<p>Duchovn\u00ed p\u00e9\u010de nab\u00edz\u00ed prostor pro ot\u00e1zky smyslu, osobn\u00ed orientace a vnit\u0159n\u00ed stability, bez ohledu na n\u00e1bo\u017eensk\u00e9 p\u0159edstavy.<\/p>\n\n\n\n<p><a href=\"#\">Dozv\u011bd\u011bt se v\u00edce<\/a><\/p>\n<\/div>\n<\/div>\n<\/div>\n\n\n\n<div class=\"wp-block-group alignfull has-global-padding is-content-justification-center is-layout-constrained wp-container-core-group-is-layout-df757ecc wp-block-group-is-layout-constrained\" style=\"border-style:none;border-width:0px;margin-top:0;margin-bottom:0;padding-top:calc( 0.5 * var(--wp--style--root--padding-right, var(--wp--custom--gap--horizontal)));padding-right:var(--wp--style--root--padding-right, var(--wp--custom--gap--horizontal));padding-bottom:calc( 0.5 * var(--wp--style--root--padding-right, var(--wp--custom--gap--horizontal)));padding-left:var(--wp--style--root--padding-left, var(--wp--custom--gap--horizontal))\">\n<div style=\"height:calc( 0.25 * var(--wp--style--root--padding-right, var(--wp--custom--gap--horizontal)))\" aria-hidden=\"true\" class=\"wp-block-spacer\"><\/div>\n\n\n\n<div class=\"wp-block-group alignwide has-global-padding is-layout-constrained wp-container-core-group-is-layout-346627ba wp-block-group-is-layout-constrained\">\n<div class=\"wp-block-columns alignwide is-layout-flex wp-container-core-columns-is-layout-28f84493 wp-block-columns-is-layout-flex\">\n<div class=\"wp-block-column is-layout-flow wp-block-column-is-layout-flow\" style=\"flex-basis:40%\">\n<h2 class=\"wp-block-heading has-text-align-right has-large-font-size\" style=\"margin-top:0;margin-right:0;margin-bottom:0;margin-left:0;font-style:normal;font-weight:600\"><strong>Nutri\u010dn\u00ed poradenstv\u00ed<\/strong><\/h2>\n<\/div>\n\n\n\n<div class=\"wp-block-column is-layout-flow wp-block-column-is-layout-flow\">\n<p>V\u00fd\u017eiva hraje v kop\u0159ivce v\u011bt\u0161\u00ed roli, ne\u017e si mysl\u00edte.<\/p>\n\n\n\n<p>D\u00edv\u00e1me se nejen na jednotliv\u00e9 potraviny, ale i na vztahy mezi stravou, \u017eivotn\u00edm stylem a nemocemi s c\u00edlem umo\u017enit udr\u017eitelnou zm\u011bnu.<\/p>\n\n\n\n<p><a href=\"#\">Dozv\u011bd\u011bt se v\u00edce<\/a><\/p>\n<\/div>\n<\/div>\n<\/div>\n\n\n\n<div style=\"height:calc( 0.25 * var(--wp--style--root--padding-right, var(--wp--custom--gap--horizontal)))\" aria-hidden=\"true\" class=\"wp-block-spacer\"><\/div>\n<\/div>\n\n\n\n<div class=\"wp-block-group alignfull has-global-padding is-content-justification-center is-layout-constrained wp-container-core-group-is-layout-df757ecc wp-block-group-is-layout-constrained\" style=\"margin-top:0;margin-bottom:0;padding-top:calc( 0.5 * var(--wp--style--root--padding-right, var(--wp--custom--gap--horizontal)));padding-right:var(--wp--style--root--padding-right, var(--wp--custom--gap--horizontal));padding-bottom:calc( 0.5 * var(--wp--style--root--padding-right, var(--wp--custom--gap--horizontal)));padding-left:var(--wp--style--root--padding-left, var(--wp--custom--gap--horizontal))\">\n<div style=\"height:calc( 0.25 * var(--wp--style--root--padding-right, var(--wp--custom--gap--horizontal)))\" aria-hidden=\"true\" class=\"wp-block-spacer\"><\/div>\n\n\n\n<h2 class=\"wp-block-heading has-text-align-center has-x-large-font-size\">Zde si m\u016f\u017eete domluvit sch\u016fzku p\u0159\u00edmo<\/h2>\n\n\n\n<div style=\"height:8px\" aria-hidden=\"true\" class=\"wp-block-spacer\"><\/div>\n\n\n\n<script>\n  if (typeof hasAmeliaEntitiesApiCall === 'undefined' && ('' === '' && '' !== '1')) {\n    var hasAmeliaEntitiesApiCall = true;\n  }\n  var ameliaShortcodeData = (typeof ameliaShortcodeData === 'undefined') ? [] : ameliaShortcodeData;\n  ameliaShortcodeData.push(\n    {\n      'hasApiCall': (typeof hasAmeliaEntitiesApiCall !== 'undefined') && hasAmeliaEntitiesApiCall,\n      'trigger': '',\n      'trigger_type': '',\n      'triggered_form': 'cbf',\n      'in_dialog': '',\n      'show': '',\n      'counter': '1000',\n      'package': '',\n      'category': '',\n      'service': '',\n      'employee': '',\n      'location': '',\n      'categories_hidden': ''\n    }\n  );\n  var ameliaShortcodeDataTriggered = (typeof ameliaShortcodeDataTriggered === 'undefined') ? [] : ameliaShortcodeDataTriggered;\n  if (ameliaShortcodeData[ameliaShortcodeData.length - 1].trigger !== '') {\n    if (ameliaShortcodeDataTriggered.filter(a => a.counter === ameliaShortcodeData[ameliaShortcodeData.length - 1].counter).length === 0) {\n      ameliaShortcodeDataTriggered.push(ameliaShortcodeData.pop());\n    } else {\n      ameliaShortcodeData.pop()\n    }\n  }\n  if (typeof hasAmeliaEntitiesApiCall !== 'undefined' && hasAmeliaEntitiesApiCall) {\n    hasAmeliaEntitiesApiCall = false;\n  }\n<\/script>\n\n<div\n  id=\"amelia-v2-booking-1000\"\n  class=\"amelia-v2-booking\"\n>\n    <catalog-form-wrapper><\/catalog-form-wrapper><\/div>\n\n\n\n<div style=\"height:calc( 0.25 * var(--wp--style--root--padding-right, var(--wp--custom--gap--horizontal)))\" aria-hidden=\"true\" class=\"wp-block-spacer\"><\/div>\n<\/div>\n\n\n\n<div style=\"height:109px\" aria-hidden=\"true\" class=\"wp-block-spacer\"><\/div>\n<\/div>","protected":false},"excerpt":{"rendered":"<p>Na\u0161e konzultace kombinuj\u00ed l\u00e9ka\u0159sk\u00e9 znalosti se zku\u0161enostmi posti\u017een\u00fdch a pom\u00e1haj\u00ed porozum\u011bt vztah\u016fm a rozv\u00edjet udr\u017eiteln\u00e9 strategie. V poradenstv\u00ed t\u00fdkaj\u00edc\u00edm se kop\u0159ivky vytv\u00e1\u0159\u00edme jasnost. Odpov\u00edme na v\u0161echny va\u0161e ot\u00e1zky. Zkontrolujte p\u0159edchoz\u00ed zji\u0161t\u011bn\u00ed, zjist\u011bte, jak m\u016f\u017ee pokra\u010dovat diagnosticky a terapeuticky a jak\u00e9 dal\u0161\u00ed mo\u017enosti m\u00e1te. Na\u0161e konzultace o kop\u0159ivce [\u2026]<\/p>","protected":false},"author":1,"featured_media":0,"parent":0,"menu_order":0,"comment_status":"closed","ping_status":"closed","template":"","meta":{"om_disable_all_campaigns":false,"_monsterinsights_skip_tracking":false,"_monsterinsights_sitenote_active":false,"_monsterinsights_sitenote_note":"","_monsterinsights_sitenote_category":0,"footnotes":""},"class_list":["post-484","page","type-page","status-publish","hentry"],"aioseo_notices":[],"_links":{"self":[{"href":"https:\/\/www.urtikariaverband.eu\/cs\/wp-json\/wp\/v2\/pages\/484","targetHints":{"allow":["GET"]}}],"collection":[{"href":"https:\/\/www.urtikariaverband.eu\/cs\/wp-json\/wp\/v2\/pages"}],"about":[{"href":"https:\/\/www.urtikariaverband.eu\/cs\/wp-json\/wp\/v2\/types\/page"}],"author":[{"embeddable":true,"href":"https:\/\/www.urtikariaverband.eu\/cs\/wp-json\/wp\/v2\/users\/1"}],"replies":[{"embeddable":true,"href":"https:\/\/www.urtikariaverband.eu\/cs\/wp-json\/wp\/v2\/comments?post=484"}],"version-history":[{"count":16,"href":"https:\/\/www.urtikariaverband.eu\/cs\/wp-json\/wp\/v2\/pages\/484\/revisions"}],"predecessor-version":[{"id":744,"href":"https:\/\/www.urtikariaverband.eu\/cs\/wp-json\/wp\/v2\/pages\/484\/revisions\/744"}],"wp:attachment":[{"href":"https:\/\/www.urtikariaverband.eu\/cs\/wp-json\/wp\/v2\/media?parent=484"}],"curies":[{"name":"wp","href":"https:\/\/api.w.org\/{rel}","templated":true}]}}