{"id":50,"date":"2026-02-06T15:35:56","date_gmt":"2026-02-06T14:35:56","guid":{"rendered":"https:\/\/www.urtikariaverband.eu\/?page_id=50"},"modified":"2026-04-13T19:22:00","modified_gmt":"2026-04-13T17:22:00","slug":"urtikaria-beratung","status":"publish","type":"page","link":"https:\/\/www.urtikariaverband.eu\/cs\/urtikaria-beratung\/","title":{"rendered":"Urtikaria Beratung"},"content":{"rendered":"<h3 class=\"wp-block-heading\">Beratung bei Urtikaria, Angio\u00f6demen und Mastzellerkrankungen<\/h3>\n\n\n\n<figure class=\"wp-block-image aligncenter size-full\"><img loading=\"lazy\" decoding=\"async\" width=\"500\" height=\"500\" src=\"https:\/\/www.urtikariaverband.eu\/wp-content\/uploads\/2026\/04\/Beratung.png\" alt=\"\" class=\"wp-image-340\" srcset=\"https:\/\/www.urtikariaverband.eu\/wp-content\/uploads\/2026\/04\/Beratung.png 500w, https:\/\/www.urtikariaverband.eu\/wp-content\/uploads\/2026\/04\/Beratung-300x300.png 300w, https:\/\/www.urtikariaverband.eu\/wp-content\/uploads\/2026\/04\/Beratung-150x150.png 150w, https:\/\/www.urtikariaverband.eu\/wp-content\/uploads\/2026\/04\/Beratung-100x100.png 100w\" sizes=\"auto, (max-width: 500px) 100vw, 500px\" \/><\/figure>\n\n\n\n<p>Diese Beratung richtet sich an Menschen mit Urtikaria, \u00d6demen, Mastzellaktivierung u. a. Begleiterkrankungen, die sich in belastenden Lebenssituationen Orientierung, Einordnung und Unterst\u00fctzung w\u00fcnschen (hudebn\u00ed skupina \u201eBeratung richtet sich an Menschen mit Urtikaria\u201c, \u00d6demen, Mastzellaktivierung u. a. Begleiterkrankungen, die sich in belastendenden Lebensssituationen Orientierung, Einordnung und Unterst\u00fctzung w\u00fcnschen). <\/p>\n\n\n\n<div style=\"height:23px\" aria-hidden=\"true\" class=\"wp-block-spacer\"><\/div>\n\n\n\n<h3 class=\"wp-block-heading\"><strong>Urtikaria Beratung kann sinnvoll sein, wenn Sie sich in einem oder mehreren Dostupn\u00e9 jazyky: <\/strong><\/h3>\n\n\n\n<ul class=\"wp-block-list\">\n<li>Meine Quaddeln oder \u00d6deme treten immer wieder auf. <\/li>\n\n\n\n<li>Empfohlene Therapien helfen nicht oder nicht oder nicht ausreichend Syst\u00e9mov\u00e9 po\u017eadavky<\/li>\n\n\n\n<li>Sie erhalten unterschiedliche oder widerspr\u00fcchliche Empfehlungen<\/li>\n\n\n\n<li>Sie f\u00fchlen sich mit Ihren Beschwerden alleine oder nicht ernst genommen<\/li>\n\n\n\n<li>Dal\u0161\u00ed aktu\u00e1ln\u011b obl\u00edben\u00e9 hry na t\u00e9to str\u00e1nce: Druck, bestimmte Entscheidungen treffen zu m\u00fcssen. <\/li>\n\n\n\n<li>Sie haben bereits vieles ausprobiert, ohne weiterzukommen. <\/li>\n\n\n\n<li>Dal\u0161\u00ed aktu\u00e1ln\u011b obl\u00edben\u00e9 hry na t\u00e9to str\u00e1nce: Sie sinnvoll vorgehen k\u00f6nnen, Sie wissen nicht a Sie sinnvoll vorgehen k\u00f6nnen. <\/li>\n<\/ul>\n\n\n\n<div style=\"height:30px\" aria-hidden=\"true\" class=\"wp-block-spacer\"><\/div>\n\n\n\n<h2 class=\"wp-block-heading\">Ubytov\u00e1n\u00ed v m\u00edst\u011b der Urtikaria Beratung tun<\/h2>\n\n\n\n<ul class=\"wp-block-list\">\n<li>Klikn\u011bte na polo\u017eku Situation und er zentralen Fragestellungen.<\/li>\n\n\n\n<li>Einordnung vorhandener Befunde, Therapien und Empfehlungen<\/li>\n\n\n\n<li>Sichtbarmachen medizinischer, therapeutischer und alltagsbezogener Zusammenh\u00e4nge<\/li>\n\n\n\n<li>Unterst\u00fctzung bei der Bewertung m\u00f6glicher Optionen<\/li>\n\n\n\n<li>Erarbeitung nachvollziehbarer Entscheidungsgrundlagen<\/li>\n\n\n\n<li>begleitende Reflexion bei wiederkehrenden oder chronischen, N\u011bmecko Verl\u00e4ufen<\/li>\n<\/ul>\n\n\n\n<div style=\"height:30px\" aria-hidden=\"true\" class=\"wp-block-spacer\"><\/div>\n\n\n\n<h2 class=\"wp-block-heading\">Metodika<\/h2>\n\n\n\n<p>P\u0159edm\u011btov\u00e1 hesla: Die Beratung erfolgt systemisch und bezieht medizinische, pers\u00f6nliche und strukturelle.<\/p>\n\n\n\n<div style=\"height:30px\" aria-hidden=\"true\" class=\"wp-block-spacer\"><\/div>\n\n\n\n<h2 class=\"wp-block-heading\">Rahmen<\/h2>\n\n\n\n<ul class=\"wp-block-list\">\n<li>Einzelberatung<\/li>\n\n\n\n<li>Termin nach Vereinbarung<\/li>\n\n\n\n<li>Online oder vor Ort<\/li>\n\n\n\n<li>Dauer und Umfang abh\u00e4ngig vom Anliegen<\/li>\n<\/ul>\n\n\n\n<div style=\"height:23px\" aria-hidden=\"true\" class=\"wp-block-spacer\"><\/div>\n\n\n\n<script>\n  if (typeof hasAmeliaEntitiesApiCall === 'undefined' && ('' === '' && '' !== '1')) {\n    var hasAmeliaEntitiesApiCall = true;\n  }\n  var ameliaShortcodeData = (typeof ameliaShortcodeData === 'undefined') ? [] : ameliaShortcodeData;\n  ameliaShortcodeData.push(\n    {\n      'hasApiCall': (typeof hasAmeliaEntitiesApiCall !== 'undefined') && hasAmeliaEntitiesApiCall,\n      'trigger': '',\n      'trigger_type': '',\n      'triggered_form': 'sbsNew',\n      'in_dialog': '',\n      'show': '',\n      'counter': '1000',\n      'category': '',\n      'service': '1,2',\n      'employee': '',\n      'location': '',\n      'package': '',\n      'layout': '2',\n    }\n  );\n\n  var ameliaShortcodeDataTriggered = (typeof ameliaShortcodeDataTriggered === 'undefined') ? [] : ameliaShortcodeDataTriggered;\n  if (ameliaShortcodeData[ameliaShortcodeData.length - 1].trigger !== '') {\n    if (ameliaShortcodeDataTriggered.filter(a => a.counter === ameliaShortcodeData[ameliaShortcodeData.length - 1].counter).length === 0) {\n      ameliaShortcodeDataTriggered.push(ameliaShortcodeData.pop());\n    } else {\n      ameliaShortcodeData.pop()\n    }\n  }\n  if (typeof hasAmeliaEntitiesApiCall !== 'undefined' && hasAmeliaEntitiesApiCall) {\n    hasAmeliaEntitiesApiCall = false;\n  }\n<\/script>\n\n<div\n  id=\"amelia-v2-booking-1000\"\n  class=\"amelia-v2-booking\"\n >\n    <step-form-wrapper><\/step-form-wrapper><\/div>","protected":false},"excerpt":{"rendered":"<p>Beratung bei Urtikaria, Angio\u00f6demen und Mastzellerkrankungen Diese Beratung richtet sich an Menschen mit Urtikaria, \u00d6demen, Mastzellaktivierung u. a. Begleiterkrankungen, die sich in belastenden Lebenssituationen Orientierung, Einordnung und Unterst\u00fctzung w\u00fcnschen. Urtikaria Beratung kann sinnvoll sein, wenn Sie sich in einem oder mehreren Punkte wiederfinden: Was wir in der Urtikaria Beratung tun Methodik Die Beratung erfolgt systemisch [&hellip;]<\/p>","protected":false},"author":1,"featured_media":0,"parent":0,"menu_order":0,"comment_status":"closed","ping_status":"closed","template":"","meta":{"om_disable_all_campaigns":false,"_monsterinsights_skip_tracking":false,"_monsterinsights_sitenote_active":false,"_monsterinsights_sitenote_note":"","_monsterinsights_sitenote_category":0,"footnotes":""},"class_list":["post-50","page","type-page","status-publish","hentry"],"aioseo_notices":[],"_links":{"self":[{"href":"https:\/\/www.urtikariaverband.eu\/cs\/wp-json\/wp\/v2\/pages\/50","targetHints":{"allow":["GET"]}}],"collection":[{"href":"https:\/\/www.urtikariaverband.eu\/cs\/wp-json\/wp\/v2\/pages"}],"about":[{"href":"https:\/\/www.urtikariaverband.eu\/cs\/wp-json\/wp\/v2\/types\/page"}],"author":[{"embeddable":true,"href":"https:\/\/www.urtikariaverband.eu\/cs\/wp-json\/wp\/v2\/users\/1"}],"replies":[{"embeddable":true,"href":"https:\/\/www.urtikariaverband.eu\/cs\/wp-json\/wp\/v2\/comments?post=50"}],"version-history":[{"count":11,"href":"https:\/\/www.urtikariaverband.eu\/cs\/wp-json\/wp\/v2\/pages\/50\/revisions"}],"predecessor-version":[{"id":473,"href":"https:\/\/www.urtikariaverband.eu\/cs\/wp-json\/wp\/v2\/pages\/50\/revisions\/473"}],"wp:attachment":[{"href":"https:\/\/www.urtikariaverband.eu\/cs\/wp-json\/wp\/v2\/media?parent=50"}],"curies":[{"name":"wp","href":"https:\/\/api.w.org\/{rel}","templated":true}]}}