{"id":561,"date":"2026-04-19T11:41:28","date_gmt":"2026-04-19T09:41:28","guid":{"rendered":"https:\/\/www.urtikariaverband.eu\/?page_id=561"},"modified":"2026-04-19T12:17:58","modified_gmt":"2026-04-19T10:17:58","slug":"meilensteine","status":"publish","type":"page","link":"https:\/\/www.urtikariaverband.eu\/cs\/meilensteine\/","title":{"rendered":"miln\u00edky"},"content":{"rendered":"<p><\/p>\n\n\n\n<p>Provozov\u00e1n\u00ed sv\u00e9pomocn\u00e9 organizace po mnoho let nen\u00ed snadn\u00e9. Vid\u011bli jsme, jak vysok\u00e1 jsou o\u010dek\u00e1v\u00e1n\u00ed sv\u00e9pomoci, \u010dasto bez v\u011bdom\u00ed toho, co tato pr\u00e1ce skute\u010dn\u011b znamen\u00e1. Tato skute\u010dnost n\u00e1s donutila p\u0159ehodnotit na\u0161e struktury a hranice.<br><\/p>\n\n\n\n<p>Tyto zku\u0161enosti n\u00e1m jasn\u011b uk\u00e1zaly, \u017ee sv\u00e9pomoc pot\u0159ebuje nov\u00e9, udr\u017eiteln\u00e9 struktury. <\/p>\n\n\n\n<p><\/p>\n\n\n\n<p><strong>2018 - Zalo\u017een\u00ed<\/strong><\/p>\n\n\n\n<p>Zalo\u017een\u00ed Sdru\u017een\u00ed pro kop\u0159ivku.<\/p>\n\n\n\n<hr class=\"wp-block-separator has-alpha-channel-opacity\"\/>\n\n\n\n<p><strong>2018 \u2013 \u010casopis Incendi<\/strong><\/p>\n\n\n\n<p>Spole\u010dnost Incendi vytvo\u0159ila sv\u016fj vlastn\u00ed form\u00e1t, aby nez\u00e1visle zviditelnila zku\u0161enosti, v\u00fdvoj a perspektivy.<\/p>\n\n\n\n<hr class=\"wp-block-separator has-alpha-channel-opacity\"\/>\n\n\n\n<p><strong>2019 \u2013 Rozvoj poradensk\u00e9ho centra<\/strong><\/p>\n\n\n\n<p>Zah\u00e1jen\u00ed nez\u00e1visl\u00fdch konzultac\u00ed a podpory pro dot\u010den\u00e9 osoby.<\/p>\n\n\n\n<hr class=\"wp-block-separator has-alpha-channel-opacity\"\/>\n\n\n\n<p><strong>2019 - Z\u0159\u00edzen\u00ed nez\u00e1visl\u00e9 etick\u00e9 rady<\/strong><\/p>\n\n\n\n<p>Vytvo\u0159en\u00ed org\u00e1nu, kter\u00fd zajist\u00ed nez\u00e1vislost a etickou orientaci.<\/p>\n\n\n\n<hr class=\"wp-block-separator has-alpha-channel-opacity\"\/>\n\n\n\n<p><strong>2021 \u2013 prvn\u00ed nez\u00e1visl\u00fd sb\u011br \u00fadaj\u016f<\/strong><\/p>\n\n\n\n<p>Prove\u010fte vlastn\u00ed pr\u016fzkum, abyste l\u00e9pe klasifikovali zku\u0161enosti a trajektorie.<\/p>\n\n\n\n<hr class=\"wp-block-separator has-alpha-channel-opacity\"\/>\n\n\n\n<p><strong>2024\u20132025 \u2013 P\u0159elom a krize<\/strong><\/p>\n\n\n\n<p>Roky byly poznamen\u00e1ny obrovsk\u00fdmi v\u00fdzvami.<\/p>\n\n\n\n<p>Rostouc\u00ed stres, zdravotn\u00ed omezen\u00ed v t\u00fdmu, ekonomick\u00fd v\u00fdvoj a rostouc\u00ed struktur\u00e1ln\u00ed probl\u00e9my.<\/p>\n\n\n\n<p>N\u011bkdy nebylo jasn\u00e9, zda by sdru\u017een\u00ed mohlo v t\u00e9to podob\u011b pokra\u010dovat.<\/p>\n\n\n\n<hr class=\"wp-block-separator has-alpha-channel-opacity\"\/>\n\n\n\n<p><strong>2025 \u2013 v\u00fdvoj Incendi<\/strong><\/p>\n\n\n\n<p>P\u0159eorientov\u00e1n\u00ed a roz\u0161\u00ed\u0159en\u00ed obsahu tak, aby zahrnoval t\u00e9mata, jako je digitalizace, struktur\u00e1ln\u00ed vztahy v syst\u00e9mu zdravotn\u00ed p\u00e9\u010de.<\/p>\n\n\n\n<hr class=\"wp-block-separator has-alpha-channel-opacity\"\/>\n\n\n\n<p><strong>2025 \u2013 v\u00fdvoj SH 2.0<\/strong><\/p>\n\n\n\n<p>Za\u010dn\u011bte pracovat na modelu nez\u00e1visl\u00fdch, transparentn\u00edch a udr\u017eiteln\u00fdch sv\u00e9pomocn\u00fdch struktur.<\/p>\n\n\n\n<hr class=\"wp-block-separator has-alpha-channel-opacity\"\/>\n\n\n\n<p><strong>2026 \u2013 Restrukturalizace<\/strong><\/p>\n\n\n\n<p>Restrukturalizace sdru\u017een\u00ed v reakci na krize, transformace syst\u00e9mu zdravotn\u00ed p\u00e9\u010de, rostouc\u00ed digitalizace, m\u011bn\u00edc\u00ed se r\u00e1mcov\u00e9 podm\u00ednky a sou\u010dasn\u00e9 podm\u00ednky financov\u00e1n\u00ed. <\/p>","protected":false},"excerpt":{"rendered":"<p>Provozov\u00e1n\u00ed sv\u00e9pomocn\u00e9 organizace po mnoho let nen\u00ed snadn\u00e9. Vid\u011bli jsme, jak vysok\u00e1 jsou o\u010dek\u00e1v\u00e1n\u00ed sv\u00e9pomoci, \u010dasto bez v\u011bdom\u00ed toho, co tato pr\u00e1ce skute\u010dn\u011b znamen\u00e1. Tato skute\u010dnost n\u00e1s donutila p\u0159ehodnotit na\u0161e struktury a hranice. Tyto zku\u0161enosti n\u00e1m daly jasn\u011b najevo, \u017ee sv\u00e9pomoc je nov\u00e1, [\u2026]<\/p>","protected":false},"author":1,"featured_media":0,"parent":0,"menu_order":0,"comment_status":"closed","ping_status":"closed","template":"","meta":{"om_disable_all_campaigns":false,"_monsterinsights_skip_tracking":false,"_monsterinsights_sitenote_active":false,"_monsterinsights_sitenote_note":"","_monsterinsights_sitenote_category":0,"footnotes":""},"class_list":["post-561","page","type-page","status-publish","hentry"],"aioseo_notices":[],"_links":{"self":[{"href":"https:\/\/www.urtikariaverband.eu\/cs\/wp-json\/wp\/v2\/pages\/561","targetHints":{"allow":["GET"]}}],"collection":[{"href":"https:\/\/www.urtikariaverband.eu\/cs\/wp-json\/wp\/v2\/pages"}],"about":[{"href":"https:\/\/www.urtikariaverband.eu\/cs\/wp-json\/wp\/v2\/types\/page"}],"author":[{"embeddable":true,"href":"https:\/\/www.urtikariaverband.eu\/cs\/wp-json\/wp\/v2\/users\/1"}],"replies":[{"embeddable":true,"href":"https:\/\/www.urtikariaverband.eu\/cs\/wp-json\/wp\/v2\/comments?post=561"}],"version-history":[{"count":4,"href":"https:\/\/www.urtikariaverband.eu\/cs\/wp-json\/wp\/v2\/pages\/561\/revisions"}],"predecessor-version":[{"id":578,"href":"https:\/\/www.urtikariaverband.eu\/cs\/wp-json\/wp\/v2\/pages\/561\/revisions\/578"}],"wp:attachment":[{"href":"https:\/\/www.urtikariaverband.eu\/cs\/wp-json\/wp\/v2\/media?parent=561"}],"curies":[{"name":"wp","href":"https:\/\/api.w.org\/{rel}","templated":true}]}}