{"id":568,"date":"2026-04-19T11:54:24","date_gmt":"2026-04-19T09:54:24","guid":{"rendered":"https:\/\/www.urtikariaverband.eu\/?page_id=568"},"modified":"2026-04-19T11:54:25","modified_gmt":"2026-04-19T09:54:25","slug":"ethikrat","status":"publish","type":"page","link":"https:\/\/www.urtikariaverband.eu\/cs\/ethikrat\/","title":{"rendered":"Etick\u00e1 rada"},"content":{"rendered":"<p>Od zalo\u017een\u00ed asociace Urticaria je nejvy\u0161\u0161\u00ed prioritou farmaceuticky nez\u00e1visl\u00e1, hodnotov\u011b orientovan\u00e1 a transparentn\u00ed akce.<\/p>\n\n\n\n<p>Nov\u00e9 v\u00fdzvy a v\u00fdvoj v medic\u00edn\u011b a v\u011bd\u011b neust\u00e1le vyvol\u00e1vaj\u00ed nov\u00e9 ot\u00e1zky, jejich\u017e odpov\u011bdi je t\u0159eba pe\u010dliv\u011b zv\u00e1\u017eit.<\/p>\n\n\n\n<p>Je zapot\u0159eb\u00ed odvahy zapojit se do p\u0159\u00edm\u00e9 diskuse o \u201espr\u00e1vn\u00e9 cest\u011b\u201c a odvahy j\u00edt p\u0159\u00edkladem. Sdru\u017een\u00ed Urticaria se zav\u00e1zalo k nutnosti mor\u00e1ln\u011b odpov\u011bdn\u00e9ho jedn\u00e1n\u00ed ve v\u0161ech oblastech poradenstv\u00ed, v\u011bdy, v\u00fdzkumu a spolupr\u00e1ce.<\/p>\n\n\n\n<p>Etick\u00e1 rada je f\u00f3rum pro etick\u00e9 ot\u00e1zky asociace Urticaria.<\/p>\n\n\n\n<p>Podporuje n\u00e1s v tom, aby na\u0161e po\u017eadovan\u00e9 hodnoty byly hmatateln\u00e9 pro na\u0161i spr\u00e1vn\u00ed radu, \u010dleny na\u0161eho sdru\u017een\u00ed, na\u0161e partnery a sponzory a organizace. <br><br>Hodnoty jsou vlastnosti, o kter\u00e9 usilujeme, ukazuj\u00ed n\u00e1m spr\u00e1vnou cestu, kterou pot\u0159ebujeme k udr\u017een\u00ed a ochran\u011b blahobytu lid\u00ed a zdrav\u00ed spole\u010dn\u011b. <br><br>Z\u00e1jmy posti\u017een\u00fdch jsou na\u0161\u00edm nejv\u011bt\u0161\u00edm p\u0159\u00ednosem, zlep\u0161en\u00ed jejich situace je na\u0161\u00edm hlavn\u00edm z\u00e1jmem. Etick\u00e1 rada tak\u00e9 pom\u00e1h\u00e1 jednotlivc\u016fm a organizac\u00edm pracovat nez\u00e1visle.<\/p>\n\n\n\n<p>Etick\u00e1 rada jedn\u00e1 dobrovoln\u011b, dobrovoln\u011b a bez pokyn\u016f. \u010clenov\u00e9 podl\u00e9haj\u00ed povinnosti ml\u010denlivosti. Jedn\u00e1 se o nez\u00e1visl\u00fd org\u00e1n slo\u017een\u00fd ze zdravotnick\u00fdch pracovn\u00edk\u016f a nel\u00e9ka\u0159sk\u00fdch odborn\u00edk\u016f. V p\u0159\u00edpad\u011b pot\u0159eby lze konzultovat s poradn\u00edmi osobami pracuj\u00edc\u00edmi ve sdru\u017een\u00ed i mimo n\u011bj.<\/p>\n\n\n\n<p>\u00dakoly etick\u00e9 rady:<\/p>\n\n\n\n<ul class=\"wp-block-list\">\n<li>Podpora zvy\u0161ov\u00e1n\u00ed etick\u00e9ho pov\u011bdom\u00ed a podpora etick\u00fdch ot\u00e1zek \u010dlen\u016f sdru\u017een\u00ed.<\/li>\n\n\n\n<li>Poradenstv\u00ed a vypracov\u00e1n\u00ed doporu\u010den\u00ed k etick\u00fdm ot\u00e1zk\u00e1m spr\u00e1vn\u00ed rady.<\/li>\n\n\n\n<li>Hodnocen\u00ed a pr\u016fb\u011b\u017en\u00fd rozvoj etick\u00e9ho posl\u00e1n\u00ed sdru\u017een\u00ed Urticaria Association.<\/li>\n<\/ul>\n\n\n\n<p>Etick\u00e1 rada vylu\u010duje posuzov\u00e1n\u00ed technick\u00fdch a pr\u00e1vn\u00edch ot\u00e1zek a vyd\u00e1v\u00e1 pouze doporu\u010den\u00ed pro opat\u0159en\u00ed t\u00fdkaj\u00edc\u00ed se etick\u00e9ho rozm\u011bru konkr\u00e9tn\u00edch skute\u010dnost\u00ed.<\/p>\n\n\n\n<div style=\"height:100px\" aria-hidden=\"true\" class=\"wp-block-spacer\"><\/div>","protected":false},"excerpt":{"rendered":"<p>Od zalo\u017een\u00ed asociace Urticaria je nejvy\u0161\u0161\u00ed prioritou farmaceuticky nez\u00e1visl\u00e1, hodnotov\u011b orientovan\u00e1 a transparentn\u00ed akce. Nov\u00e9 v\u00fdzvy a v\u00fdvoj v medic\u00edn\u011b a v\u011bd\u011b neust\u00e1le vyvol\u00e1vaj\u00ed nov\u00e9 ot\u00e1zky, jejich\u017e odpov\u011bdi je t\u0159eba pe\u010dliv\u011b zv\u00e1\u017eit. Je zapot\u0159eb\u00ed odvahy zapojit se do p\u0159\u00edm\u00e9 diskuse o \u201espr\u00e1vn\u00e9 cest\u011b\u201c a odvahy j\u00edt p\u0159\u00edkladem. The Urticaria Association Commits to Necessity (Sdru\u017een\u00ed pro kop\u0159ivku se zavazuje k nezbytnosti) [\u2026]<\/p>","protected":false},"author":1,"featured_media":0,"parent":0,"menu_order":0,"comment_status":"closed","ping_status":"closed","template":"","meta":{"om_disable_all_campaigns":false,"_monsterinsights_skip_tracking":false,"_monsterinsights_sitenote_active":false,"_monsterinsights_sitenote_note":"","_monsterinsights_sitenote_category":0,"footnotes":""},"class_list":["post-568","page","type-page","status-publish","hentry"],"aioseo_notices":[],"_links":{"self":[{"href":"https:\/\/www.urtikariaverband.eu\/cs\/wp-json\/wp\/v2\/pages\/568","targetHints":{"allow":["GET"]}}],"collection":[{"href":"https:\/\/www.urtikariaverband.eu\/cs\/wp-json\/wp\/v2\/pages"}],"about":[{"href":"https:\/\/www.urtikariaverband.eu\/cs\/wp-json\/wp\/v2\/types\/page"}],"author":[{"embeddable":true,"href":"https:\/\/www.urtikariaverband.eu\/cs\/wp-json\/wp\/v2\/users\/1"}],"replies":[{"embeddable":true,"href":"https:\/\/www.urtikariaverband.eu\/cs\/wp-json\/wp\/v2\/comments?post=568"}],"version-history":[{"count":1,"href":"https:\/\/www.urtikariaverband.eu\/cs\/wp-json\/wp\/v2\/pages\/568\/revisions"}],"predecessor-version":[{"id":570,"href":"https:\/\/www.urtikariaverband.eu\/cs\/wp-json\/wp\/v2\/pages\/568\/revisions\/570"}],"wp:attachment":[{"href":"https:\/\/www.urtikariaverband.eu\/cs\/wp-json\/wp\/v2\/media?parent=568"}],"curies":[{"name":"wp","href":"https:\/\/api.w.org\/{rel}","templated":true}]}}