{"id":571,"date":"2026-04-19T12:08:58","date_gmt":"2026-04-19T10:08:58","guid":{"rendered":"https:\/\/www.urtikariaverband.eu\/?page_id=571"},"modified":"2026-04-19T12:08:59","modified_gmt":"2026-04-19T10:08:59","slug":"arbeitsweise","status":"publish","type":"page","link":"https:\/\/www.urtikariaverband.eu\/cs\/arbeitsweise\/","title":{"rendered":"fungov\u00e1n\u00ed"},"content":{"rendered":"<p>Tato str\u00e1nka vysv\u011btluje principy, na kter\u00fdch jsme l\u00e9ta pracovali, a pro\u010d z\u00e1m\u011brn\u011b ned\u011bl\u00e1me ur\u010dit\u00e9 v\u011bci.<\/p>\n\n\n\n<p><\/p>\n\n\n\n<h2 class=\"wp-block-heading\"><strong>Transparentnost a st\u0159et z\u00e1jm\u016f<\/strong><\/h2>\n\n\n\n<p>Pozorujeme, \u017ee jednotliv\u00ed herci pracuj\u00ed v n\u011bkolika rol\u00edch sou\u010dasn\u011b. Nap\u0159\u00edklad v l\u00e9ka\u0159sk\u00e9 p\u00e9\u010di a v komer\u010dn\u00edch nab\u00eddk\u00e1ch pro posti\u017een\u00e9.<\/p>\n\n\n\n<p>Tato spojen\u00ed nejsou pro mnoho lid\u00ed viditeln\u00e1. Nab\u00eddky, jako jsou webin\u00e1\u0159e, programy nebo digit\u00e1ln\u00ed aplikace, se na prvn\u00ed pohled jev\u00ed jako podp\u016frn\u00e9, ale jsou v ekonomick\u00e9m kontextu. <\/p>\n\n\n\n<p>Zejm\u00e9na v citliv\u00e9 oblasti chronick\u00fdch onemocn\u011bn\u00ed to vytv\u00e1\u0159\u00ed nap\u011bt\u00ed mezi p\u00e9\u010d\u00ed, informacemi a pen\u011b\u017en\u00edmi z\u00e1jmy t\u0159et\u00edch stran, kter\u00e9 z\u00e1m\u011brn\u011b nepodporujeme. <br><\/p>\n\n\n\n<h2 class=\"wp-block-heading\"><strong>N\u00e1\u0161 postoj<\/strong><\/h2>\n\n\n\n<p>Nedoporu\u010dujeme \u017e\u00e1dn\u00fd obsah, produkty nebo nab\u00eddky t\u0159et\u00edch stran, ani\u017e bychom je p\u0159edem d\u016fkladn\u011b prozkoumali a klasifikovali.<\/p>\n\n\n\n<p>P\u0159itom se kriticky zab\u00fdv\u00e1me studiemi, digit\u00e1ln\u00edmi aplikacemi, webin\u00e1\u0159i a dal\u0161\u00edmi nab\u00eddkami v\u00fdm\u011bnou za na\u0161i etickou radu. <br><\/p>\n\n\n\n<h2 class=\"wp-block-heading\"><strong>nez\u00e1vislost<\/strong><\/h2>\n\n\n\n<p>Nevid\u00edme na\u0161i pr\u00e1ci jako sou\u010d\u00e1st marketingov\u00fdch nebo vyko\u0159is\u0165ovac\u00edch struktur t\u0159et\u00edch stran. <\/p>\n\n\n\n<p>Znovu a znovu vid\u00edme, \u017ee pacientsk\u00e9 organizace jsou zapojeny do syst\u00e9m\u016f, ve kter\u00fdch p\u0159isp\u00edvaj\u00ed k \u0161\u00ed\u0159en\u00ed slu\u017eeb, kter\u00e9 prim\u00e1rn\u011b slou\u017e\u00ed jin\u00fdm z\u00e1jm\u016fm.<\/p>\n\n\n\n<p>Z\u00e1m\u011brn\u011b se touto cestou nevyd\u00e1v\u00e1me.<br><\/p>\n\n\n\n<h2 class=\"wp-block-heading\"><strong>odpov\u011bdnost<\/strong><\/h2>\n\n\n\n<p>D\u016fv\u011bra posti\u017een\u00fdch je z\u00e1kladem na\u0161\u00ed pr\u00e1ce.<\/p>\n\n\n\n<p>Budov\u00e1n\u00ed t\u00e9to d\u016fv\u011bry po mnoho let byl dlouh\u00fd proces. Pova\u017eujeme za svou odpov\u011bdnost jednat s n\u00edm opatrn\u011b a neohro\u017eovat jej vn\u011bj\u0161\u00edmi z\u00e1jmy.<br><\/p>\n\n\n\n<h2 class=\"wp-block-heading\"><strong>Klasifikace<\/strong><\/h2>\n\n\n\n<p>Syst\u00e9m zdravotn\u00ed p\u00e9\u010de je slo\u017eit\u00fd a vyzna\u010duje se r\u016fzn\u00fdmi z\u00e1jmy.<\/p>\n\n\n\n<p>Pr\u00e1v\u011b proto je d\u016fle\u017eit\u00e9 pozorn\u011b sledovat, jak\u00e9 informace jsou p\u0159ed\u00e1v\u00e1ny, kdo z nich m\u00e1 prosp\u011bch a jakou \u00falohu v nich hraj\u00ed organizace pacient\u016f.<\/p>","protected":false},"excerpt":{"rendered":"<p>Tato str\u00e1nka vysv\u011btluje principy, na kter\u00fdch jsme l\u00e9ta pracovali, a pro\u010d z\u00e1m\u011brn\u011b ned\u011bl\u00e1me ur\u010dit\u00e9 v\u011bci. Transparentnost a st\u0159et z\u00e1jm\u016f Pozorujeme, \u017ee jednotliv\u00ed akt\u00e9\u0159i jednaj\u00ed sou\u010dasn\u011b v n\u011bkolika rol\u00edch. Nap\u0159\u00edklad v l\u00e9ka\u0159sk\u00e9 p\u00e9\u010di a v komer\u010dn\u00edch nab\u00eddk\u00e1ch pro posti\u017een\u00e9. Tato spojen\u00ed nejsou pro mnoho lid\u00ed viditeln\u00e1. Nab\u00eddky, jako jsou webin\u00e1\u0159e, programy [\u2026]<\/p>","protected":false},"author":1,"featured_media":0,"parent":0,"menu_order":0,"comment_status":"closed","ping_status":"closed","template":"","meta":{"om_disable_all_campaigns":false,"_monsterinsights_skip_tracking":false,"_monsterinsights_sitenote_active":false,"_monsterinsights_sitenote_note":"","_monsterinsights_sitenote_category":0,"footnotes":""},"class_list":["post-571","page","type-page","status-publish","hentry"],"aioseo_notices":[],"_links":{"self":[{"href":"https:\/\/www.urtikariaverband.eu\/cs\/wp-json\/wp\/v2\/pages\/571","targetHints":{"allow":["GET"]}}],"collection":[{"href":"https:\/\/www.urtikariaverband.eu\/cs\/wp-json\/wp\/v2\/pages"}],"about":[{"href":"https:\/\/www.urtikariaverband.eu\/cs\/wp-json\/wp\/v2\/types\/page"}],"author":[{"embeddable":true,"href":"https:\/\/www.urtikariaverband.eu\/cs\/wp-json\/wp\/v2\/users\/1"}],"replies":[{"embeddable":true,"href":"https:\/\/www.urtikariaverband.eu\/cs\/wp-json\/wp\/v2\/comments?post=571"}],"version-history":[{"count":1,"href":"https:\/\/www.urtikariaverband.eu\/cs\/wp-json\/wp\/v2\/pages\/571\/revisions"}],"predecessor-version":[{"id":573,"href":"https:\/\/www.urtikariaverband.eu\/cs\/wp-json\/wp\/v2\/pages\/571\/revisions\/573"}],"wp:attachment":[{"href":"https:\/\/www.urtikariaverband.eu\/cs\/wp-json\/wp\/v2\/media?parent=571"}],"curies":[{"name":"wp","href":"https:\/\/api.w.org\/{rel}","templated":true}]}}