{"id":575,"date":"2026-04-19T12:16:47","date_gmt":"2026-04-19T10:16:47","guid":{"rendered":"https:\/\/www.urtikariaverband.eu\/?page_id=575"},"modified":"2026-04-19T12:16:48","modified_gmt":"2026-04-19T10:16:48","slug":"finanzgebarung","status":"publish","type":"page","link":"https:\/\/www.urtikariaverband.eu\/cs\/finanzgebarung\/","title":{"rendered":"Finan\u010dn\u00ed \u0159\u00edzen\u00ed"},"content":{"rendered":"<p>Zve\u0159ejn\u011bn\u00ed na\u0161eho finan\u010dn\u00edho chov\u00e1n\u00ed pova\u017eujeme za nezbytnou sou\u010d\u00e1st na\u0161eho etick\u00e9ho z\u00e1vazku a na\u0161eho siln\u00e9ho smyslu pro odpov\u011bdnost v\u016f\u010di na\u0161im \u010dlen\u016fm a \u0161irok\u00e9 ve\u0159ejnosti. Dobrovoln\u011b se rozhodneme nejen u\u010dinit dotace nebo dary z ve\u0159ejn\u00fdch i neve\u0159ejn\u00fdch zdroj\u016f transparentn\u00edmi, ale tak\u00e9 otev\u0159en\u011b zve\u0159ejnit na\u0161e procesy a rozhodnut\u00ed.<\/p>\n\n\n\n<p>Je d\u016fle\u017eit\u00e9 zd\u016fraznit, \u017ee <strong>Finan\u010dn\u00ed transparentnost sama o sob\u011b nem\u016f\u017ee nebo nebude \u0159e\u0161it slo\u017eit\u00e9 probl\u00e9my v oblasti zdravotn\u00ed p\u00e9\u010de<\/strong>. <br><br>Zejm\u00e9na organizace pacient\u016f, kter\u00e9 funguj\u00ed bez\u00fahonn\u011b, nejsou schopny zvl\u00e1dnout tuto v\u00fdzvu samy. Tato t\u00e9mata jsou ovlivn\u011bna mnoha faktory a vy\u017eaduj\u00ed d\u016fkladn\u00e9 pochopen\u00ed zdravotnick\u00e9ho prost\u0159ed\u00ed, v\u0161ech z\u00fa\u010dastn\u011bn\u00fdch stran, pr\u00e1vn\u00edch odborn\u00fdch znalost\u00ed, jako\u017e i integrity a kompetentn\u00edch v\u016fdc\u016f ve spr\u00e1vn\u00ed rad\u011b pacientsk\u00fdch organizac\u00ed. Zav\u00e1zali jsme se tedy nejen k finan\u010dn\u00ed otev\u0159enosti, ale tak\u00e9 k nez\u00e1visl\u00e9mu a kompetentn\u00edmu \u0159\u00edzen\u00ed na\u0161\u00ed organizace.<\/p>\n\n\n\n<p>Uv\u011bdomujeme si, \u017ee skute\u010dn\u00e1 zm\u011bna m\u016f\u017ee poch\u00e1zet pouze ze z\u00e1vazku, integrity a odbornosti \u010dlen\u016f na\u0161\u00ed spr\u00e1vn\u00ed rady. Na tomto z\u00e1klad\u011b jsme i nad\u00e1le odhodl\u00e1ni dos\u00e1hnout pozitivn\u00edho a udr\u017eiteln\u00e9ho dopadu na sv\u00e9pomocnou krajinu.<\/p>\n\n\n\n<p>V posledn\u00edch letech se uk\u00e1zalo, \u017ee udr\u017eiteln\u00e9 nez\u00e1vislosti lze dos\u00e1hnout pouze prost\u0159ednictv\u00edm nez\u00e1visl\u00e9ho financov\u00e1n\u00ed.<\/p>\n\n\n\n<p>Abychom se ochr\u00e1nili p\u0159ed obsahov\u00fdmi o\u010dek\u00e1v\u00e1n\u00edmi, integrac\u00ed a struktur\u00e1ln\u00edmi z\u00e1vislostmi, bylo nutn\u00e9 p\u0159ehodnotit.<\/p>\n\n\n\n<p>Sdru\u017een\u00ed pro kop\u0159ivku je proto dnes financov\u00e1no z \u010dlensk\u00fdch p\u0159\u00edsp\u011bvk\u016f, soukrom\u00fdch dar\u016f, dar\u016f a vlastn\u00edho p\u0159\u00edjmu prost\u0159ednictv\u00edm workshop\u016f a p\u0159edn\u00e1\u0161ek.<\/p>\n\n\n\n<p>S touto zm\u011bnou orientace se od roku 2026 ub\u00edr\u00e1me novou cestou.<\/p>\n\n\n\n<p>Tento v\u00fdvoj je nezbytn\u00fd k dlouhodob\u00e9mu zachov\u00e1n\u00ed \u010dinnosti sdru\u017een\u00ed, k tomu, aby bylo mo\u017en\u00e9 voln\u011b utv\u00e1\u0159et obsah a nad\u00e1le b\u00fdt pro posti\u017een\u00e9, a to i pro ty, kte\u0159\u00ed si ji\u017e nemohou dovolit l\u00e9ka\u0159skou p\u00e9\u010di.<\/p>\n\n\n\n<p>Ka\u017ed\u00e1 osoba, kter\u00e1 podporuje na\u0161i pr\u00e1ci \u2013 a\u0165 u\u017e \u00fa\u010dast\u00ed na semin\u00e1\u0159\u00edch, rezervac\u00ed p\u0159edn\u00e1\u0161ek nebo jin\u00fdmi p\u0159\u00edsp\u011bvky \u2013 pom\u00e1h\u00e1 zajistit tuto nez\u00e1vislost.<br><br><\/p>","protected":false},"excerpt":{"rendered":"<p>Zve\u0159ejn\u011bn\u00ed na\u0161eho finan\u010dn\u00edho chov\u00e1n\u00ed pova\u017eujeme za nezbytnou sou\u010d\u00e1st na\u0161eho etick\u00e9ho z\u00e1vazku a na\u0161eho siln\u00e9ho smyslu pro odpov\u011bdnost v\u016f\u010di na\u0161im \u010dlen\u016fm a \u0161irok\u00e9 ve\u0159ejnosti. Dobrovoln\u011b se rozhodneme nejen u\u010dinit dotace nebo dary z ve\u0159ejn\u00fdch i neve\u0159ejn\u00fdch zdroj\u016f transparentn\u00edmi, ale tak\u00e9 otev\u0159en\u011b zve\u0159ejnit na\u0161e procesy a rozhodnut\u00ed. Je to pro n\u00e1s d\u016fle\u017eit\u00e9 [\u2026]<\/p>","protected":false},"author":1,"featured_media":0,"parent":0,"menu_order":0,"comment_status":"closed","ping_status":"closed","template":"","meta":{"om_disable_all_campaigns":false,"_monsterinsights_skip_tracking":false,"_monsterinsights_sitenote_active":false,"_monsterinsights_sitenote_note":"","_monsterinsights_sitenote_category":0,"footnotes":""},"class_list":["post-575","page","type-page","status-publish","hentry"],"aioseo_notices":[],"_links":{"self":[{"href":"https:\/\/www.urtikariaverband.eu\/cs\/wp-json\/wp\/v2\/pages\/575","targetHints":{"allow":["GET"]}}],"collection":[{"href":"https:\/\/www.urtikariaverband.eu\/cs\/wp-json\/wp\/v2\/pages"}],"about":[{"href":"https:\/\/www.urtikariaverband.eu\/cs\/wp-json\/wp\/v2\/types\/page"}],"author":[{"embeddable":true,"href":"https:\/\/www.urtikariaverband.eu\/cs\/wp-json\/wp\/v2\/users\/1"}],"replies":[{"embeddable":true,"href":"https:\/\/www.urtikariaverband.eu\/cs\/wp-json\/wp\/v2\/comments?post=575"}],"version-history":[{"count":1,"href":"https:\/\/www.urtikariaverband.eu\/cs\/wp-json\/wp\/v2\/pages\/575\/revisions"}],"predecessor-version":[{"id":577,"href":"https:\/\/www.urtikariaverband.eu\/cs\/wp-json\/wp\/v2\/pages\/575\/revisions\/577"}],"wp:attachment":[{"href":"https:\/\/www.urtikariaverband.eu\/cs\/wp-json\/wp\/v2\/media?parent=575"}],"curies":[{"name":"wp","href":"https:\/\/api.w.org\/{rel}","templated":true}]}}