{"id":72,"date":"2026-02-08T20:00:56","date_gmt":"2026-02-08T19:00:56","guid":{"rendered":"https:\/\/www.urtikariaverband.eu\/?page_id=72"},"modified":"2026-02-08T20:01:32","modified_gmt":"2026-02-08T19:01:32","slug":"supervision","status":"publish","type":"page","link":"https:\/\/www.urtikariaverband.eu\/cs\/supervision\/","title":{"rendered":"Dohled"},"content":{"rendered":"<p>Chronische Erkrankungen wirken auch auf berufliche Rollen, Verantwortlichkeiten, Beziehungen und die eigene Selbstwahrnehmung. F\u00fcr Betroffene entsteht ein Spannungsfeld zwischen Leistungsanforderungen, Selbstanspruch und gesundheitlichen Grenzen. <\/p>\n\n\n\n<p>Diese Supervision richtet sich an Menschen mit chronischer Erkrankung, die ihre Situation im beruflichen oder lebenspraktischen Kontext reflektieren m\u00f6chten.  <\/p>\n\n\n\n<div style=\"height:30px\" aria-hidden=\"true\" class=\"wp-block-spacer\"><\/div>\n\n\n\n<h2 class=\"wp-block-heading\">Themen k\u00f6nnen sein: <\/h2>\n\n\n\n<ul class=\"wp-block-list\">\n<li>Umgang mit chronischer Erkrankung im Berufsalltag<\/li>\n\n\n\n<li>Rollen- und Grenzfragen (Belastbarkeit, Erwartungen, Verantwortung)<\/li>\n\n\n\n<li>Entscheidungsfindung unter gesundheitlichen Einschr\u00e4nkungen<\/li>\n\n\n\n<li>Ambivalenzen zwischen Anpassung, Abgrenzung und Selbstf\u00fcrsorge<\/li>\n\n\n\n<li>Einordnung belastender Situationen<\/li>\n<\/ul>\n\n\n\n<div style=\"height:30px\" aria-hidden=\"true\" class=\"wp-block-spacer\"><\/div>\n\n\n\n<h2 class=\"wp-block-heading\">Rahmen:<\/h2>\n\n\n\n<p>Dohled bietet einen strukturierten Reflexionsraum zur Einordnung komplexer Situationen. <\/p>\n\n\n\n<div style=\"height:30px\" aria-hidden=\"true\" class=\"wp-block-spacer\"><\/div>\n\n\n\n<h2 class=\"wp-block-heading\">Methodischer Zugang<\/h2>\n\n\n\n<p>Systemisch (Virgina Satirov\u00e1, Steve de Shazar)<br>Personen- und Klientenzentriert (Carl Rogers) Syst\u00e9mov\u00e9 po\u017eadavky<br>Kunsttherapie (C. G. Jung)<br><br><strong>HINWEIS: <\/strong><br>F\u00fcr manche Berufsgruppen besteht ein j\u00e4hrliches Stundenkontingent f\u00fcr Supervision, das vom Arbeitgeber \u00fcbernommen wird. Eine Kl\u00e4rung kann im Vorfeld sinnvoll sein. <\/p>\n\n\n\n<script>\n  if (typeof hasAmeliaEntitiesApiCall === 'undefined' && ('' === '' && '' !== '1')) {\n    var hasAmeliaEntitiesApiCall = true;\n  }\n  var ameliaShortcodeData = (typeof ameliaShortcodeData === 'undefined') ? [] : ameliaShortcodeData;\n  ameliaShortcodeData.push(\n    {\n      'hasApiCall': (typeof hasAmeliaEntitiesApiCall !== 'undefined') && hasAmeliaEntitiesApiCall,\n      'trigger': '',\n      'trigger_type': '',\n      'triggered_form': 'sbsNew',\n      'in_dialog': '',\n      'show': '',\n      'counter': '1000',\n      'category': '2',\n      'service': '',\n      'employee': '',\n      'location': '',\n      'package': '',\n      'layout': '2',\n    }\n  );\n\n  var ameliaShortcodeDataTriggered = (typeof ameliaShortcodeDataTriggered === 'undefined') ? [] : ameliaShortcodeDataTriggered;\n  if (ameliaShortcodeData[ameliaShortcodeData.length - 1].trigger !== '') {\n    if (ameliaShortcodeDataTriggered.filter(a => a.counter === ameliaShortcodeData[ameliaShortcodeData.length - 1].counter).length === 0) {\n      ameliaShortcodeDataTriggered.push(ameliaShortcodeData.pop());\n    } else {\n      ameliaShortcodeData.pop()\n    }\n  }\n  if (typeof hasAmeliaEntitiesApiCall !== 'undefined' && hasAmeliaEntitiesApiCall) {\n    hasAmeliaEntitiesApiCall = false;\n  }\n<\/script>\n\n<div\n  id=\"amelia-v2-booking-1000\"\n  class=\"amelia-v2-booking\"\n >\n    <step-form-wrapper><\/step-form-wrapper><\/div>","protected":false},"excerpt":{"rendered":"<p>Chronische Erkrankungen wirken auch auf berufliche Rollen, Verantwortlichkeiten, Beziehungen und die eigene Selbstwahrnehmung. F\u00fcr Betroffene entsteht ein Spannungsfeld zwischen Leistungsanforderungen, Selbstanspruch und gesundheitlichen Grenzen. Diese Supervision richtet sich an Menschen mit chronischer Erkrankung, die ihre Situation im beruflichen oder lebenspraktischen Kontext reflektieren m\u00f6chten. Themen k\u00f6nnen sein: Rahmen: Die Supervision bietet einen strukturierten Reflexionsraum zur Einordnung [\u2026] Syst\u00e9mov\u00e9 po\u017eadavky<\/p>","protected":false},"author":1,"featured_media":0,"parent":0,"menu_order":0,"comment_status":"closed","ping_status":"closed","template":"","meta":{"om_disable_all_campaigns":false,"_monsterinsights_skip_tracking":false,"_monsterinsights_sitenote_active":false,"_monsterinsights_sitenote_note":"","_monsterinsights_sitenote_category":0,"footnotes":""},"class_list":["post-72","page","type-page","status-publish","hentry"],"aioseo_notices":[],"_links":{"self":[{"href":"https:\/\/www.urtikariaverband.eu\/cs\/wp-json\/wp\/v2\/pages\/72","targetHints":{"allow":["GET"]}}],"collection":[{"href":"https:\/\/www.urtikariaverband.eu\/cs\/wp-json\/wp\/v2\/pages"}],"about":[{"href":"https:\/\/www.urtikariaverband.eu\/cs\/wp-json\/wp\/v2\/types\/page"}],"author":[{"embeddable":true,"href":"https:\/\/www.urtikariaverband.eu\/cs\/wp-json\/wp\/v2\/users\/1"}],"replies":[{"embeddable":true,"href":"https:\/\/www.urtikariaverband.eu\/cs\/wp-json\/wp\/v2\/comments?post=72"}],"version-history":[{"count":2,"href":"https:\/\/www.urtikariaverband.eu\/cs\/wp-json\/wp\/v2\/pages\/72\/revisions"}],"predecessor-version":[{"id":74,"href":"https:\/\/www.urtikariaverband.eu\/cs\/wp-json\/wp\/v2\/pages\/72\/revisions\/74"}],"wp:attachment":[{"href":"https:\/\/www.urtikariaverband.eu\/cs\/wp-json\/wp\/v2\/media?parent=72"}],"curies":[{"name":"wp","href":"https:\/\/api.w.org\/{rel}","templated":true}]}}